{"id":309,"date":"2020-01-13T11:17:52","date_gmt":"2020-01-13T11:17:52","guid":{"rendered":"https:\/\/demosites.io\/web-agency-gb\/?page_id=5"},"modified":"2023-11-25T22:49:27","modified_gmt":"2023-11-25T21:49:27","slug":"start","status":"publish","type":"page","link":"https:\/\/marcinwalas.pl\/","title":{"rendered":"Start"},"content":{"rendered":"\n<div class=\"wp-block-cover alignfull is-light has-parallax\" style=\"min-height:587px;aspect-ratio:unset;\"><span aria-hidden=\"true\" class=\"wp-block-cover__background has-background-dim-0 has-background-dim\"><\/span><div role=\"img\" class=\"wp-block-cover__image-background wp-image-391 has-parallax\" style=\"background-position:50% 50%;background-image:url(https:\/\/marcinwalas.pl\/wp-content\/uploads\/2023\/11\/ja-polowa-scaled.jpg)\"><\/div><div class=\"wp-block-cover__inner-container is-layout-flow wp-block-cover-is-layout-flow\">\n<div style=\"height:129px\" aria-hidden=\"true\" class=\"wp-block-spacer\"><\/div>\n\n\n\n<h1 class=\"wp-block-heading has-text-align-center has-text-color\" style=\"color:#121212\"><\/h1>\n<\/div><\/div>\n\n\n\n<div style=\"height:25px\" aria-hidden=\"true\" class=\"wp-block-spacer\"><\/div>\n\n\n\n<p class=\"has-text-align-center has-x-large-font-size\">Poznajmy si\u0119!<\/p>\n\n\n\n<div class=\"wp-block-buttons is-horizontal is-content-justification-center is-layout-flex wp-container-core-buttons-is-layout-499968f5 wp-block-buttons-is-layout-flex\">\n<div class=\"wp-block-button is-style-primary\"><a class=\"wp-block-button__link wp-element-button\" href=\"https:\/\/marcinwalas.pl\/index.php\/o-mnie\/\">O MNIE<\/a><\/div>\n\n\n\n<div class=\"wp-block-button is-style-primary\"><a class=\"wp-block-button__link wp-element-button\" href=\"https:\/\/marcinwalas.pl\/index.php\/kontakt\/\">SKONTAKTUJ SI\u0118<\/a><\/div>\n<\/div>\n\n\n\n<div style=\"height:18px\" aria-hidden=\"true\" class=\"wp-block-spacer\"><\/div>\n\n\n\n<div class=\"wp-block-cover alignfull\" style=\"min-height:600px;aspect-ratio:unset;\"><span aria-hidden=\"true\" class=\"wp-block-cover__background has-nv-light-bg-background-color has-background-dim-100 has-background-dim\"><\/span><div class=\"wp-block-cover__inner-container is-layout-flow wp-block-cover-is-layout-flow\">\n<div class=\"wp-block-group\"><div class=\"wp-block-group__inner-container is-layout-flow wp-block-group-is-layout-flow\">\n<div style=\"height:80px\" aria-hidden=\"true\" class=\"wp-block-spacer\"><\/div>\n\n\n\n<div class=\"wp-block-columns are-vertically-aligned-center is-layout-flex wp-container-core-columns-is-layout-9d6595d7 wp-block-columns-is-layout-flex\">\n<div class=\"wp-block-column is-vertically-aligned-center is-layout-flow wp-block-column-is-layout-flow\" style=\"flex-basis:50%\">\n<figure class=\"wp-block-image size-large is-style-rounded\"><img decoding=\"async\" width=\"925\" height=\"1024\" src=\"http:\/\/marcinwalas.pl\/wp-content\/uploads\/2023\/11\/ja-glowa-925x1024.jpg\" alt=\"\" class=\"wp-image-389\" srcset=\"https:\/\/marcinwalas.pl\/wp-content\/uploads\/2023\/11\/ja-glowa-925x1024.jpg 925w, https:\/\/marcinwalas.pl\/wp-content\/uploads\/2023\/11\/ja-glowa-271x300.jpg 271w, https:\/\/marcinwalas.pl\/wp-content\/uploads\/2023\/11\/ja-glowa-768x850.jpg 768w, https:\/\/marcinwalas.pl\/wp-content\/uploads\/2023\/11\/ja-glowa-1388x1536.jpg 1388w, https:\/\/marcinwalas.pl\/wp-content\/uploads\/2023\/11\/ja-glowa-1850x2048.jpg 1850w\" sizes=\"(max-width: 925px) 100vw, 925px\" \/><\/figure>\n<\/div>\n\n\n\n<div class=\"wp-block-column is-vertically-aligned-center is-layout-flow wp-block-column-is-layout-flow\" style=\"flex-basis:50%\">\n<div style=\"height:20px\" aria-hidden=\"true\" class=\"wp-block-spacer\"><\/div>\n\n\n\n<h2 class=\"wp-block-heading has-text-align-left has-neve-text-color-color has-text-color\">O mnie<\/h2>\n\n\n\n<p class=\"has-text-align-left has-neve-text-color-color has-text-color\" style=\"font-size:17px\">Mieszkam w Krakowie od 2013 roku. Pi\u0119\u0107 lat po moim przybyciu, wsp\u00f3lnie z \u017con\u0105, osiad\u0142em na sta\u0142e na ulicy Radzikowskiego. To tutaj odnalaz\u0142em swoje miejsca: bibliotek\u0119 z kt\u00f3rej regularnej korzystam, piekarni\u0119 z zawsze \u015bwie\u017cym chlebem czy kawiarni\u0119 do kt\u00f3rej ka\u017cdego tygodnia przychodz\u0119 na wyj\u0105tkowe espresso. Tutaj wychowuj\u0119 ma\u0142ego synka, z kt\u00f3rym wsp\u00f3lnie eksplorujemy tajemnice okolicy.  <\/p>\n\n\n\n<p>Z wykszta\u0142cenia jestem doktorem matematyki. Pracuj\u0119 jako lider zespo\u0142u sztucznej inteligencji prowadz\u0105c zesp\u00f3\u0142 utalentowanych specjalist\u00f3w i specjalistek. W pracy zawodowej ceni\u0119 sobie przede wszystkim kreatywno\u015b\u0107 i mo\u017cliwo\u015b\u0107 wsp\u00f3\u0142pracy z lud\u017ami bardzo r\u00f3\u017cnych dziedzin: informatyki, matematyki, lingwistyki, socjologii i wielu innych.<\/p>\n\n\n\n<div class=\"wp-block-buttons is-horizontal is-content-justification-left is-layout-flex wp-container-core-buttons-is-layout-7e5fce0a wp-block-buttons-is-layout-flex\">\n<div class=\"wp-block-button is-style-primary\"><a class=\"wp-block-button__link wp-element-button\" href=\"https:\/\/marcinwalas.pl\/index.php\/o-mnie\/\">WI\u0118CEJ<\/a><\/div>\n<\/div>\n<\/div>\n<\/div>\n\n\n\n<div style=\"height:40px\" aria-hidden=\"true\" class=\"wp-block-spacer\"><\/div>\n<\/div><\/div>\n<\/div><\/div>\n\n\n\n<div style=\"height:17px\" aria-hidden=\"true\" class=\"wp-block-spacer\"><\/div>\n\n\n\n<div class=\"wp-block-columns is-layout-flex wp-container-core-columns-is-layout-9d6595d7 wp-block-columns-is-layout-flex\">\n<div class=\"wp-block-column is-layout-flow wp-block-column-is-layout-flow\"><div class=\"wp-block-image icon-style is-style-rounded\">\n<figure class=\"aligncenter size-large\"><img decoding=\"async\" width=\"72\" height=\"72\" src=\"http:\/\/marcinwalas.pl\/wp-content\/uploads\/2020\/01\/neve-webdesign-GB-03.png\" alt=\"\" class=\"wp-image-20\" title=\"\"\/><\/figure>\n<\/div>\n\n\n<div style=\"height:20px\" aria-hidden=\"true\" class=\"wp-block-spacer\"><\/div>\n\n\n\n<h3 class=\"wp-block-heading has-text-align-center has-neve-text-color-color has-text-color\">Krak\u00f3w to m\u00f3j wyb\u00f3r<\/h3>\n\n\n\n<p class=\"has-text-align-center\">Od 10 lat mieszkam w Krakowie. Jestem dumny, \u017ce to w\u0142a\u015bnie tutaj mog\u0119 wychowywa\u0107 swojego syna.<\/p>\n\n\n\n<div style=\"height:20px\" aria-hidden=\"true\" class=\"wp-block-spacer\"><\/div>\n<\/div>\n\n\n\n<div class=\"wp-block-column is-layout-flow wp-block-column-is-layout-flow\"><div class=\"wp-block-image icon-style is-style-rounded\">\n<figure class=\"aligncenter size-large\"><img decoding=\"async\" width=\"72\" height=\"72\" src=\"http:\/\/marcinwalas.pl\/wp-content\/uploads\/2020\/01\/neve-webdesign-GB-04.png\" alt=\"\" class=\"wp-image-21\"\/><\/figure>\n<\/div>\n\n\n<div style=\"height:20px\" aria-hidden=\"true\" class=\"wp-block-spacer\"><\/div>\n\n\n\n<h3 class=\"wp-block-heading has-text-align-center has-neve-text-color-color has-text-color\">Jestem profesjonalist\u0105<\/h3>\n\n\n\n<p class=\"has-text-align-center\">Moja praca jest moj\u0105 pasj\u0105, a dzi\u0119ki inicjatywom spo\u0142ecznym mog\u0119 dzieli\u0107 si\u0119 wiedz\u0105 z innymi.<\/p>\n\n\n\n<div style=\"height:20px\" aria-hidden=\"true\" class=\"wp-block-spacer\"><\/div>\n<\/div>\n\n\n\n<div class=\"wp-block-column is-layout-flow wp-block-column-is-layout-flow\"><div class=\"wp-block-image icon-style is-style-rounded\">\n<figure class=\"aligncenter size-large\"><img decoding=\"async\" width=\"72\" height=\"72\" src=\"http:\/\/marcinwalas.pl\/wp-content\/uploads\/2020\/01\/neve-webdesign-GB-01.png\" alt=\"\" class=\"wp-image-18\"\/><\/figure>\n<\/div>\n\n\n<div style=\"height:20px\" aria-hidden=\"true\" class=\"wp-block-spacer\"><\/div>\n\n\n\n<h3 class=\"wp-block-heading has-text-align-center has-neve-text-color-color has-text-color\">Zale\u017cy mi<\/h3>\n\n\n\n<p class=\"has-text-align-center\">Anga\u017cowanie si\u0119 w r\u00f3\u017cne aktywno\u015bci spo\u0142eczne daje mi poczucie sensu i spe\u0142nienia.<\/p>\n\n\n\n<div style=\"height:20px\" aria-hidden=\"true\" class=\"wp-block-spacer\"><\/div>\n<\/div>\n<\/div>\n\n\n\n<div style=\"height:20px\" aria-hidden=\"true\" class=\"wp-block-spacer\"><\/div>\n\n\n\n<div class=\"wp-block-cover alignfull\" style=\"min-height:600px;aspect-ratio:unset;\"><span aria-hidden=\"true\" class=\"wp-block-cover__background has-nv-dark-bg-background-color has-background-dim-100 has-background-dim\"><\/span><div class=\"wp-block-cover__inner-container is-layout-flow wp-block-cover-is-layout-flow\">\n<div class=\"wp-block-group\"><div class=\"wp-block-group__inner-container is-layout-flow wp-block-group-is-layout-flow\">\n<div style=\"height:80px\" aria-hidden=\"true\" class=\"wp-block-spacer\"><\/div>\n\n\n\n<div class=\"wp-block-columns are-vertically-aligned-center is-layout-flex wp-container-core-columns-is-layout-9d6595d7 wp-block-columns-is-layout-flex\">\n<div class=\"wp-block-column is-vertically-aligned-center is-layout-flow wp-block-column-is-layout-flow\" style=\"flex-basis:50%\">\n<figure class=\"wp-block-image size-large is-style-rounded\"><img decoding=\"async\" width=\"576\" height=\"1024\" src=\"http:\/\/marcinwalas.pl\/wp-content\/uploads\/2023\/11\/20210807_162154-576x1024.jpg\" alt=\"\" class=\"wp-image-439\" srcset=\"https:\/\/marcinwalas.pl\/wp-content\/uploads\/2023\/11\/20210807_162154-576x1024.jpg 576w, https:\/\/marcinwalas.pl\/wp-content\/uploads\/2023\/11\/20210807_162154-169x300.jpg 169w, https:\/\/marcinwalas.pl\/wp-content\/uploads\/2023\/11\/20210807_162154-768x1365.jpg 768w, https:\/\/marcinwalas.pl\/wp-content\/uploads\/2023\/11\/20210807_162154-864x1536.jpg 864w, https:\/\/marcinwalas.pl\/wp-content\/uploads\/2023\/11\/20210807_162154-1152x2048.jpg 1152w, https:\/\/marcinwalas.pl\/wp-content\/uploads\/2023\/11\/20210807_162154-scaled.jpg 1440w\" sizes=\"(max-width: 576px) 100vw, 576px\" \/><\/figure>\n<\/div>\n\n\n\n<div class=\"wp-block-column is-vertically-aligned-center is-layout-flow wp-block-column-is-layout-flow\" style=\"flex-basis:50%\">\n<div style=\"height:40px\" aria-hidden=\"true\" class=\"wp-block-spacer\"><\/div>\n\n\n\n<h2 class=\"wp-block-heading has-text-align-left has-nv-text-dark-bg-color has-text-color\">Aktywizm<\/h2>\n\n\n\n<p class=\"has-text-align-left has-nv-text-dark-bg-color has-text-color\" style=\"font-size:17px\">Od dziecka jestem harcerzem, gdzie nauczy\u0142em si\u0119 wsp\u00f3\u0142pracy i wolontariatu. Od 2020 roku dzia\u0142am w krakowskim kole stowarzyszenia Polska 2050, z kt\u00f3rym wsp\u00f3lnie zrealizowali\u015bmy szereg akcji spo\u0142ecznych, dyskusji, zbi\u00f3rek rzeczowych czy pomocowych. To w stowarzyszeniu pozna\u0142em tajniki samorz\u0105du, co zach\u0119ci\u0142o mnie do kandydowania do Rady Dzielnicy.<\/p>\n\n\n\n<p>W pracy spo\u0142ecznej najlepiej odnajduj\u0119 si\u0119 w pracy koncepcyjnej. Dlatego od 2021 roku jestem koordynatorem regionalnym Instytutu Strategie 2050. W ramach prac eksperckich przeanalizowali\u015bmy wiele problem\u00f3w naszego wojew\u00f3dztwa i miasta, takich jak: problem smogu, organizacji i finansowania o\u015bwiaty, ochrony zdrowia, transportu, sytuacji os\u00f3b z niepe\u0142nosprawno\u015bciami, kultury, turystyki, cyfryzacji oraz innowacyjno\u015bci.<\/p>\n\n\n\n<div class=\"wp-block-buttons is-horizontal is-content-justification-left is-layout-flex wp-container-core-buttons-is-layout-7e5fce0a wp-block-buttons-is-layout-flex\">\n<div class=\"wp-block-button is-style-primary\"><a class=\"wp-block-button__link wp-element-button\" href=\"https:\/\/marcinwalas.pl\/index.php\/aktywizm\/\">WI\u0118CEJ<\/a><\/div>\n<\/div>\n<\/div>\n<\/div>\n\n\n\n<div style=\"height:50px\" aria-hidden=\"true\" class=\"wp-block-spacer\"><\/div>\n<\/div><\/div>\n<\/div><\/div>\n\n\n\n<div class=\"wp-block-cover alignfull\" style=\"min-height:600px;aspect-ratio:unset;\"><span aria-hidden=\"true\" class=\"wp-block-cover__background has-nv-site-bg-background-color has-background-dim-100 has-background-dim\"><\/span><div class=\"wp-block-cover__inner-container is-layout-flow wp-block-cover-is-layout-flow\">\n<div class=\"wp-block-group\"><div class=\"wp-block-group__inner-container is-layout-flow wp-block-group-is-layout-flow\">\n<div style=\"height:80px\" aria-hidden=\"true\" class=\"wp-block-spacer\"><\/div>\n\n\n\n<div class=\"wp-block-columns are-vertically-aligned-center is-layout-flex wp-container-core-columns-is-layout-9d6595d7 wp-block-columns-is-layout-flex\">\n<div class=\"wp-block-column is-vertically-aligned-center is-layout-flow wp-block-column-is-layout-flow\" style=\"flex-basis:50%\">\n<h2 class=\"wp-block-heading has-text-align-left has-neve-text-color-color has-text-color\">Krak\u00f3w<\/h2>\n\n\n\n<p class=\"has-text-align-left has-neve-text-color-color has-text-color\" style=\"font-size:17px\">Przeprowadzi\u0142em si\u0119 do Krakowa w 2013 roku, a od 2018 roku na sta\u0142e mieszkam na ulicy Radzikowskiego. Wed\u0142ug mnie Krak\u00f3w ma co najmniej dwa ogromne atuty. Z jednej strony jest bardzo atrakcyjnym miejscem do \u017cycia, z bogat\u0105 ofert\u0105 kulturaln\u0105 i rekreacyjn\u0105. Z drugiej to miejsce w kt\u00f3rym dynamicznie rozwija si\u0119 rynek nowoczesnych technologii. Kombinacja tych dw\u00f3ch atut\u00f3w jest wed\u0142ug mnie ogromn\u0105 szans\u0105 dla rozwoju naszego miasta.<\/p>\n\n\n\n<div class=\"wp-block-buttons is-horizontal is-content-justification-left is-layout-flex wp-container-core-buttons-is-layout-7e5fce0a wp-block-buttons-is-layout-flex\">\n<div class=\"wp-block-button is-style-primary\"><a class=\"wp-block-button__link wp-element-button\" href=\"https:\/\/marcinwalas.pl\/index.php\/krakow\/\">WI\u0118CEJ<\/a><\/div>\n<\/div>\n\n\n\n<div style=\"height:40px\" aria-hidden=\"true\" class=\"wp-block-spacer\"><\/div>\n<\/div>\n\n\n\n<div class=\"wp-block-column is-vertically-aligned-center is-layout-flow wp-block-column-is-layout-flow\" style=\"flex-basis:50%\">\n<figure class=\"wp-block-image size-large is-style-rounded\"><img decoding=\"async\" width=\"1024\" height=\"646\" src=\"https:\/\/marcinwalas.pl\/wp-content\/uploads\/2023\/11\/krakow-wawel-kadr-1024x646.jpg\" alt=\"\" class=\"wp-image-529\" srcset=\"https:\/\/marcinwalas.pl\/wp-content\/uploads\/2023\/11\/krakow-wawel-kadr-1024x646.jpg 1024w, https:\/\/marcinwalas.pl\/wp-content\/uploads\/2023\/11\/krakow-wawel-kadr-300x189.jpg 300w, https:\/\/marcinwalas.pl\/wp-content\/uploads\/2023\/11\/krakow-wawel-kadr-768x485.jpg 768w, https:\/\/marcinwalas.pl\/wp-content\/uploads\/2023\/11\/krakow-wawel-kadr-1536x969.jpg 1536w, https:\/\/marcinwalas.pl\/wp-content\/uploads\/2023\/11\/krakow-wawel-kadr-2048x1292.jpg 2048w\" sizes=\"(max-width: 1024px) 100vw, 1024px\" \/><\/figure>\n<\/div>\n<\/div>\n\n\n\n<div style=\"height:40px\" aria-hidden=\"true\" class=\"wp-block-spacer\"><\/div>\n<\/div><\/div>\n<\/div><\/div>\n\n\n\n<div class=\"wp-block-cover alignfull\" style=\"min-height:600px;aspect-ratio:unset;\"><span aria-hidden=\"true\" class=\"wp-block-cover__background has-nv-dark-bg-background-color has-background-dim-100 has-background-dim\"><\/span><div class=\"wp-block-cover__inner-container is-layout-flow wp-block-cover-is-layout-flow\">\n<div class=\"wp-block-group\"><div class=\"wp-block-group__inner-container is-layout-flow wp-block-group-is-layout-flow\">\n<div style=\"height:80px\" aria-hidden=\"true\" class=\"wp-block-spacer\"><\/div>\n\n\n\n<div class=\"wp-block-columns are-vertically-aligned-center is-layout-flex wp-container-core-columns-is-layout-9d6595d7 wp-block-columns-is-layout-flex\">\n<div class=\"wp-block-column is-vertically-aligned-center is-layout-flow wp-block-column-is-layout-flow\" style=\"flex-basis:50%\">\n<figure class=\"wp-block-image size-large is-style-rounded\"><img decoding=\"async\" width=\"683\" height=\"1024\" src=\"http:\/\/marcinwalas.pl\/wp-content\/uploads\/2023\/11\/FR_20231108_1340_v-683x1024.jpg\" alt=\"\" class=\"wp-image-366\" srcset=\"https:\/\/marcinwalas.pl\/wp-content\/uploads\/2023\/11\/FR_20231108_1340_v-683x1024.jpg 683w, https:\/\/marcinwalas.pl\/wp-content\/uploads\/2023\/11\/FR_20231108_1340_v-200x300.jpg 200w, https:\/\/marcinwalas.pl\/wp-content\/uploads\/2023\/11\/FR_20231108_1340_v-768x1152.jpg 768w, https:\/\/marcinwalas.pl\/wp-content\/uploads\/2023\/11\/FR_20231108_1340_v-1024x1536.jpg 1024w, https:\/\/marcinwalas.pl\/wp-content\/uploads\/2023\/11\/FR_20231108_1340_v-scaled.jpg 1707w\" sizes=\"(max-width: 683px) 100vw, 683px\" \/><\/figure>\n<\/div>\n\n\n\n<div class=\"wp-block-column is-vertically-aligned-center is-layout-flow wp-block-column-is-layout-flow\" style=\"flex-basis:50%\">\n<div style=\"height:40px\" aria-hidden=\"true\" class=\"wp-block-spacer\"><\/div>\n\n\n\n<h2 class=\"wp-block-heading has-text-align-left has-nv-text-dark-bg-color has-text-color\">Pomys\u0142y<\/h2>\n\n\n\n<p class=\"has-text-align-left has-nv-text-dark-bg-color has-text-color\" style=\"font-size:17px\">Jako radny dzielnicy chcia\u0142bym w pierwszej kolejno\u015bci skupi\u0107 si\u0119 na trzech obszarach: wzmacnianiu <strong>partycypacji <\/strong>mieszka\u0144c\u00f3w w \u017cycie dzielnicy, o\u017cywieniu dzielnicy poprzez wzmocnienie <strong>oferty kulturalnej <\/strong>oraz zatroszczeniu o przestrze\u0144 wsp\u00f3ln\u0105, a w szczeg\u00f3lno\u015bci <strong>ziele\u0144 miejsk\u0105<\/strong>, budow\u0119 nowych i udro\u017cnienie ju\u017c istniej\u0105cych <strong>chodnik\u00f3w <\/strong>oraz wi\u0119cej<strong> teren\u00f3w rekreacyjnych<\/strong> dla mieszka\u0144c\u00f3w dzielnicy.<\/p>\n\n\n\n<div class=\"wp-block-buttons is-horizontal is-content-justification-left is-layout-flex wp-container-core-buttons-is-layout-7e5fce0a wp-block-buttons-is-layout-flex\">\n<div class=\"wp-block-button is-style-primary\"><a class=\"wp-block-button__link wp-element-button\" href=\"https:\/\/marcinwalas.pl\/index.php\/pomysly\/\">WI\u0118CEJ<\/a><\/div>\n<\/div>\n<\/div>\n<\/div>\n\n\n\n<div style=\"height:50px\" aria-hidden=\"true\" class=\"wp-block-spacer\"><\/div>\n<\/div><\/div>\n<\/div><\/div>\n\n\n\n<div class=\"wp-block-cover alignfull\" style=\"min-height:300px;aspect-ratio:unset;\"><span aria-hidden=\"true\" class=\"wp-block-cover__background has-nv-site-bg-background-color has-background-dim-100 has-background-dim\"><\/span><div class=\"wp-block-cover__inner-container is-layout-flow wp-block-cover-is-layout-flow\">\n<div style=\"height:22px\" aria-hidden=\"true\" class=\"wp-block-spacer\"><\/div>\n\n\n\n<h2 class=\"wp-block-heading has-text-align-center has-nv-text-dark-bg-color has-text-color\">Chcesz wiedzie\u0107 wi\u0119cej?<\/h2>\n\n\n\n<p class=\"has-text-align-center\">Zapraszam do kontaktu. By\u0107 mo\u017ce wsp\u00f3lnie zrobimy co\u015b dobrego&#8230;<\/p>\n\n\n\n<div class=\"wp-block-buttons is-horizontal is-content-justification-center is-layout-flex wp-container-core-buttons-is-layout-499968f5 wp-block-buttons-is-layout-flex\">\n<div class=\"wp-block-button is-style-primary\"><a class=\"wp-block-button__link wp-element-button\" href=\"https:\/\/marcinwalas.pl\/\/index.php\/kontakt\/\">SKONTAKTUJ SI\u0118 ZE MN\u0104!<\/a><\/div>\n<\/div>\n\n\n\n<div style=\"height:17px\" aria-hidden=\"true\" class=\"wp-block-spacer\"><\/div>\n<\/div><\/div>\n","protected":false},"excerpt":{"rendered":"<p>Poznajmy si\u0119! Krak\u00f3w to m\u00f3j wyb\u00f3r Od 10 lat mieszkam w Krakowie. Jestem dumny, \u017ce to w\u0142a\u015bnie tutaj mog\u0119 wychowywa\u0107 swojego syna. Jestem profesjonalist\u0105 Moja praca jest moj\u0105 pasj\u0105, a dzi\u0119ki inicjatywom spo\u0142ecznym mog\u0119 dzieli\u0107 si\u0119 wiedz\u0105 z innymi. Zale\u017cy mi Anga\u017cowanie si\u0119 w r\u00f3\u017cne aktywno\u015bci spo\u0142eczne daje mi poczucie sensu i spe\u0142nienia.<\/p>\n","protected":false},"author":1,"featured_media":0,"parent":0,"menu_order":0,"comment_status":"closed","ping_status":"closed","template":"","meta":{"neve_meta_sidebar":"default","neve_meta_container":"default","neve_meta_enable_content_width":"on","neve_meta_content_width":100,"neve_meta_title_alignment":"","neve_meta_author_avatar":"","neve_post_elements_order":"","neve_meta_disable_header":"","neve_meta_disable_footer":"","neve_meta_disable_title":"on","_themeisle_gutenberg_block_has_review":false,"_ti_tpc_template_sync":false,"_ti_tpc_template_id":"5udqur826ojgsxrmsxsc","footnotes":""},"class_list":["post-309","page","type-page","status-publish","hentry"],"_links":{"self":[{"href":"https:\/\/marcinwalas.pl\/index.php\/wp-json\/wp\/v2\/pages\/309","targetHints":{"allow":["GET"]}}],"collection":[{"href":"https:\/\/marcinwalas.pl\/index.php\/wp-json\/wp\/v2\/pages"}],"about":[{"href":"https:\/\/marcinwalas.pl\/index.php\/wp-json\/wp\/v2\/types\/page"}],"author":[{"embeddable":true,"href":"https:\/\/marcinwalas.pl\/index.php\/wp-json\/wp\/v2\/users\/1"}],"replies":[{"embeddable":true,"href":"https:\/\/marcinwalas.pl\/index.php\/wp-json\/wp\/v2\/comments?post=309"}],"version-history":[{"count":43,"href":"https:\/\/marcinwalas.pl\/index.php\/wp-json\/wp\/v2\/pages\/309\/revisions"}],"predecessor-version":[{"id":607,"href":"https:\/\/marcinwalas.pl\/index.php\/wp-json\/wp\/v2\/pages\/309\/revisions\/607"}],"wp:attachment":[{"href":"https:\/\/marcinwalas.pl\/index.php\/wp-json\/wp\/v2\/media?parent=309"}],"curies":[{"name":"wp","href":"https:\/\/api.w.org\/{rel}","templated":true}]}}