{"id":423,"date":"2023-11-18T23:42:43","date_gmt":"2023-11-18T23:42:43","guid":{"rendered":"https:\/\/marcinwalas.pl\/?page_id=423"},"modified":"2023-11-20T00:06:38","modified_gmt":"2023-11-19T23:06:38","slug":"aktywizm","status":"publish","type":"page","link":"https:\/\/marcinwalas.pl\/index.php\/aktywizm\/","title":{"rendered":"Aktywizm"},"content":{"rendered":"\n<div class=\"wp-block-cover alignfull\" style=\"min-height:300px;aspect-ratio:unset;\"><span aria-hidden=\"true\" class=\"wp-block-cover__background has-nv-site-bg-background-color has-background-dim-100 has-background-dim\"><\/span><div class=\"wp-block-cover__inner-container is-layout-flow wp-block-cover-is-layout-flow\">\n<div class=\"wp-block-group is-nowrap is-layout-flex wp-container-core-group-is-layout-ad2f72ca wp-block-group-is-layout-flex\">\n<figure class=\"wp-block-image size-large is-resized is-style-rounded\"><img decoding=\"async\" width=\"925\" height=\"1024\" src=\"https:\/\/marcinwalas.pl\/wp-content\/uploads\/2023\/11\/ja-glowa-925x1024.jpg\" alt=\"\" class=\"wp-image-389\" style=\"width:211px;height:auto\" srcset=\"https:\/\/marcinwalas.pl\/wp-content\/uploads\/2023\/11\/ja-glowa-925x1024.jpg 925w, https:\/\/marcinwalas.pl\/wp-content\/uploads\/2023\/11\/ja-glowa-271x300.jpg 271w, https:\/\/marcinwalas.pl\/wp-content\/uploads\/2023\/11\/ja-glowa-768x850.jpg 768w, https:\/\/marcinwalas.pl\/wp-content\/uploads\/2023\/11\/ja-glowa-1388x1536.jpg 1388w, https:\/\/marcinwalas.pl\/wp-content\/uploads\/2023\/11\/ja-glowa-1850x2048.jpg 1850w\" sizes=\"(max-width: 925px) 100vw, 925px\" \/><\/figure>\n\n\n\n<div style=\"height:100px;width:18px\" aria-hidden=\"true\" class=\"wp-block-spacer wp-container-content-7a8a7e73\"><\/div>\n\n\n\n<div class=\"wp-block-group is-vertical is-layout-flex wp-container-core-group-is-layout-8cf370e7 wp-block-group-is-layout-flex\">\n<h1 class=\"wp-block-heading has-text-align-left has-neve-text-color-color has-text-color\">Aktywizm<\/h1>\n\n\n\n<p style=\"font-style:italic;font-weight:400\">O moich do\u015bwiadczeniach w pracy spo\u0142ecznej<\/p>\n<\/div>\n<\/div>\n<\/div><\/div>\n\n\n\n<div class=\"wp-block-cover alignfull\" style=\"min-height:600px;aspect-ratio:unset;\"><span aria-hidden=\"true\" class=\"wp-block-cover__background has-nv-light-bg-background-color has-background-dim-100 has-background-dim\"><\/span><div class=\"wp-block-cover__inner-container is-layout-flow wp-block-cover-is-layout-flow\">\n<div class=\"wp-block-group\"><div class=\"wp-block-group__inner-container is-layout-flow wp-block-group-is-layout-flow\">\n<div class=\"wp-block-columns are-vertically-aligned-center has-neve-text-color-color has-text-color is-layout-flex wp-container-core-columns-is-layout-9d6595d7 wp-block-columns-is-layout-flex\">\n<div class=\"wp-block-column is-vertically-aligned-center is-layout-flow wp-block-column-is-layout-flow\" style=\"flex-basis:50%\">\n<figure class=\"wp-block-image size-large is-style-rounded\"><img decoding=\"async\" width=\"576\" height=\"1024\" src=\"https:\/\/marcinwalas.pl\/wp-content\/uploads\/2023\/11\/20210523_133126-576x1024.jpg\" alt=\"\" class=\"wp-image-532\" srcset=\"https:\/\/marcinwalas.pl\/wp-content\/uploads\/2023\/11\/20210523_133126-576x1024.jpg 576w, https:\/\/marcinwalas.pl\/wp-content\/uploads\/2023\/11\/20210523_133126-169x300.jpg 169w, https:\/\/marcinwalas.pl\/wp-content\/uploads\/2023\/11\/20210523_133126-768x1365.jpg 768w, https:\/\/marcinwalas.pl\/wp-content\/uploads\/2023\/11\/20210523_133126-864x1536.jpg 864w, https:\/\/marcinwalas.pl\/wp-content\/uploads\/2023\/11\/20210523_133126-1152x2048.jpg 1152w, https:\/\/marcinwalas.pl\/wp-content\/uploads\/2023\/11\/20210523_133126-scaled.jpg 1440w\" sizes=\"(max-width: 576px) 100vw, 576px\" \/><\/figure>\n<\/div>\n\n\n\n<div class=\"wp-block-column is-vertically-aligned-center is-layout-flow wp-block-column-is-layout-flow\" style=\"flex-basis:50%\">\n<h2 class=\"wp-block-heading has-neve-text-color-color has-text-color\">Akcje spo\u0142eczne<\/h2>\n\n\n\n<p class=\"has-neve-text-color-color has-text-color\">Od dziecka jestem <strong>harcerzem<\/strong>, gdzie nauczy\u0142em si\u0119 pracy w grupie na rzecz dobra wsp\u00f3lnego. To w harcerstwie zrozumia\u0142em jak wa\u017cna jest troska o najbli\u017csze otoczenie, przyrod\u0119 czy histori\u0119.<\/p>\n\n\n\n<p>Od 2020 roku jestem cz\u0142onkiem stowarzyszenie Polska 2050. W jego ramach uczestniczy\u0142em lub wsp\u00f3\u0142organizowa\u0142em w dziesi\u0105tkach akcji spo\u0142ecznych takich jak: wsparcie os\u00f3b w kryzysie <strong>bezdomno\u015bci<\/strong>, organizowanie zbi\u00f3rek, wsparcie <strong>uchod\u017ac\u00f3w z Ukrainy<\/strong>, organizowanie dyskusji, organizowanie<strong> akcji sprz\u0105tania okolicy<\/strong> (chocia\u017cby brzeg\u00f3w rzeki Pr\u0105dnik). Pomaga\u0142em kolegom i kole\u017cankom w promowaniu ich pomys\u0142\u00f3w do bud\u017cetu obywatelskiego. Jestem szczeg\u00f3lnie dumny z poruszenia wa\u017cnego problemu jakim jest <strong>przemoc domowa<\/strong> &#8211; wsp\u00f3lnie z kole\u017cankami wspierali\u015bmy bowiem krakowski oddzia\u0142 Centrum Praw Kobiet, a tak\u017ce sami wsp\u00f3\u0142tworzyli\u015bmy kampanie spo\u0142eczne w tym trudnym temacie.<\/p>\n\n\n\n<p>To w stowarzyszeniu pozna\u0142em koleg\u00f3w i kole\u017canki, kt\u00f3rzy podzielili si\u0119 wiedz\u0105 na temat samorz\u0105du. Ich wsparcie oraz cenne do\u015bwiadczenie sk\u0142oni\u0142y mnie do spr\u00f3bowania si\u0142 i wystartowania w wyborach do rady mojej dzielnicy.<\/p>\n\n\n\n<p>Wi\u0119cej o tych inicjatywach mo\u017cesz przeczyta\u0107 na stronie naszego stowarzyszenia, w zak\u0142adce &#8222;woj. ma\u0142opolskie&#8221;.<\/p>\n\n\n\n<div class=\"wp-block-buttons is-horizontal is-content-justification-left is-layout-flex wp-container-core-buttons-is-layout-7e5fce0a wp-block-buttons-is-layout-flex\">\n<div class=\"wp-block-button is-style-primary\"><a class=\"wp-block-button__link wp-element-button\" href=\"https:\/\/stowarzyszenie2050.pl\/region\/woj-malopolskie\/\" target=\"_blank\" rel=\"noreferrer noopener\">WI\u0118CEJ<\/a><\/div>\n<\/div>\n<\/div>\n<\/div>\n\n\n\n<div style=\"height:40px\" aria-hidden=\"true\" class=\"wp-block-spacer\"><\/div>\n<\/div><\/div>\n<\/div><\/div>\n\n\n\n<div class=\"wp-block-cover alignfull\" style=\"min-height:600px;aspect-ratio:unset;\"><span aria-hidden=\"true\" class=\"wp-block-cover__background has-nv-dark-bg-background-color has-background-dim-100 has-background-dim\"><\/span><div class=\"wp-block-cover__inner-container is-layout-flow wp-block-cover-is-layout-flow\">\n<div class=\"wp-block-group\"><div class=\"wp-block-group__inner-container is-layout-flow wp-block-group-is-layout-flow\">\n<div style=\"height:80px\" aria-hidden=\"true\" class=\"wp-block-spacer\"><\/div>\n\n\n\n<div class=\"wp-block-columns are-vertically-aligned-center is-layout-flex wp-container-core-columns-is-layout-9d6595d7 wp-block-columns-is-layout-flex\">\n<div class=\"wp-block-column is-vertically-aligned-center is-layout-flow wp-block-column-is-layout-flow\" style=\"flex-basis:50%\">\n<h2 class=\"wp-block-heading has-nv-text-dark-bg-color has-text-color\">Grupa ekspercka<\/h2>\n\n\n\n<p class=\"has-nv-text-dark-bg-color has-text-color\">Nie ukrywam, \u017ce najlepiej sprawdzam si\u0119 w pracy koncepcyjnej. Dlatego od 2021 roku jestem cz\u0142onkiem Instytutu Strategie 2050, gdzie jako koordynator regionalny jestem odpowiedzialny za organizowanie prac nad analizami dotycz\u0105cymi problem\u00f3w i wyzwa\u0144 naszego regionu.<\/p>\n\n\n\n<p>Przez ponad dwa lata dzia\u0142alno\u015bci uda\u0142o nam si\u0119 poruszy\u0107 tematy czysto\u015bci powietrza, organizacji i finansowania o\u015bwiaty, gospodarki odpadami, ochrony zdrowia, turystyki, kultury, wsparcia os\u00f3b z niepe\u0142nosprawno\u015bciami i starszych, transportu publicznego, nauki, cyfryzacji oraz wsparcia innowacyjno\u015bci regionu. Dwie z naszych analiz regionalnych opublikowali\u015bmy na stronach naszego Instytutu. By\u0142y to &#8222;<em>Smog w Ma\u0142opolsce. Analiza stanu jako\u015bci powietrza i jego poprawy.<\/em>&#8221; (autorstwa Paw\u0142a \u015acigalskiego i dra Janusza Zy\u015bka) oraz &#8222;<em>Subwencja a\u00a0koszty funkcjonowania o\u015bwiaty. Analiza r\u00f3\u017cnic na\u00a0przyk\u0142adzie wybranych gmin powiatu chrzanowskiego (woj.\u00a0ma\u0142opolskie)<\/em>&#8221; (autorstwa Jolanty Zubik i Ewy Cudak).<\/p>\n\n\n\n<p>Praca w ramach Instytutu pozwoli\u0142a mi pozna\u0107 od strony eksperckiej problemy regionu oraz zyska\u0107 niezb\u0119dne umiej\u0119tno\u015bci do sprawnego orientowania si\u0119 w licznych dokumentach opisuj\u0105cych wyzwania jakie stoj\u0105 przed Krakowem oraz Ma\u0142opolsk\u0105.<\/p>\n\n\n\n<p>Wi\u0119cej o dzia\u0142aniach Instytutu przeczytasz na jego stronie internetowej. Zapraszam tak\u017ce do lektury naszych dw\u00f3ch analiz regionalnych.<\/p>\n\n\n\n<div class=\"wp-block-buttons is-horizontal is-content-justification-left is-layout-flex wp-container-core-buttons-is-layout-7e5fce0a wp-block-buttons-is-layout-flex\">\n<div class=\"wp-block-button is-style-primary\"><a class=\"wp-block-button__link wp-element-button\" href=\"https:\/\/strategie2050.pl\/\" target=\"_blank\" rel=\"noreferrer noopener\">STRONA INSTYTUTU<\/a><\/div>\n\n\n\n<div class=\"wp-block-button is-style-primary\"><a class=\"wp-block-button__link wp-element-button\" href=\"https:\/\/strategie2050.pl\/polska-regionalna\/analiza-smog-w-malopolsce-analiza-stanu-jakosci-powietrza-i-jego-poprawy\/\" target=\"_blank\" rel=\"noreferrer noopener\">ANALIZA SMOG<\/a><\/div>\n\n\n\n<div class=\"wp-block-button is-style-primary\"><a class=\"wp-block-button__link wp-element-button\" href=\"https:\/\/strategie2050.pl\/polska-regionalna\/subwencja-a-koszty-funkcjonowania-oswiaty\/\" target=\"_blank\" rel=\"noreferrer noopener\">ANALIZA SUBWENCJA<\/a><\/div>\n<\/div>\n\n\n\n<div style=\"height:20px\" aria-hidden=\"true\" class=\"wp-block-spacer\"><\/div>\n\n\n\n<div style=\"height:20px\" aria-hidden=\"true\" class=\"wp-block-spacer\"><\/div>\n<\/div>\n\n\n\n<div class=\"wp-block-column is-vertically-aligned-center is-layout-flow wp-block-column-is-layout-flow\" style=\"flex-basis:50%\">\n<figure class=\"wp-block-image size-large is-style-rounded\"><img decoding=\"async\" width=\"1024\" height=\"627\" src=\"https:\/\/marcinwalas.pl\/wp-content\/uploads\/2023\/11\/strategie2050-kadr-1024x627.jpg\" alt=\"\" class=\"wp-image-504\" srcset=\"https:\/\/marcinwalas.pl\/wp-content\/uploads\/2023\/11\/strategie2050-kadr-1024x627.jpg 1024w, https:\/\/marcinwalas.pl\/wp-content\/uploads\/2023\/11\/strategie2050-kadr-300x184.jpg 300w, https:\/\/marcinwalas.pl\/wp-content\/uploads\/2023\/11\/strategie2050-kadr-768x470.jpg 768w, https:\/\/marcinwalas.pl\/wp-content\/uploads\/2023\/11\/strategie2050-kadr.jpg 1075w\" sizes=\"(max-width: 1024px) 100vw, 1024px\" \/><\/figure>\n\n\n\n<figure class=\"wp-block-image size-large is-style-rounded\"><img decoding=\"async\" width=\"1024\" height=\"768\" src=\"https:\/\/marcinwalas.pl\/wp-content\/uploads\/2023\/11\/renew-europe-strategie-1024x768.jpg\" alt=\"\" class=\"wp-image-534\" srcset=\"https:\/\/marcinwalas.pl\/wp-content\/uploads\/2023\/11\/renew-europe-strategie-1024x768.jpg 1024w, https:\/\/marcinwalas.pl\/wp-content\/uploads\/2023\/11\/renew-europe-strategie-300x225.jpg 300w, https:\/\/marcinwalas.pl\/wp-content\/uploads\/2023\/11\/renew-europe-strategie-768x576.jpg 768w, https:\/\/marcinwalas.pl\/wp-content\/uploads\/2023\/11\/renew-europe-strategie-1536x1152.jpg 1536w, https:\/\/marcinwalas.pl\/wp-content\/uploads\/2023\/11\/renew-europe-strategie.jpg 2048w\" sizes=\"(max-width: 1024px) 100vw, 1024px\" \/><\/figure>\n<\/div>\n<\/div>\n\n\n\n<div style=\"height:40px\" aria-hidden=\"true\" class=\"wp-block-spacer\"><\/div>\n<\/div><\/div>\n<\/div><\/div>\n\n\n\n<div class=\"wp-block-cover alignfull\" style=\"min-height:600px;aspect-ratio:unset;\"><span aria-hidden=\"true\" class=\"wp-block-cover__background has-nv-light-bg-background-color has-background-dim-100 has-background-dim\"><\/span><div class=\"wp-block-cover__inner-container is-layout-flow wp-block-cover-is-layout-flow\">\n<div class=\"wp-block-group\"><div class=\"wp-block-group__inner-container is-layout-flow wp-block-group-is-layout-flow\">\n<div style=\"height:80px\" aria-hidden=\"true\" class=\"wp-block-spacer\"><\/div>\n\n\n\n<div class=\"wp-block-columns are-vertically-aligned-center has-neve-text-color-color has-text-color is-layout-flex wp-container-core-columns-is-layout-9d6595d7 wp-block-columns-is-layout-flex\">\n<div class=\"wp-block-column is-vertically-aligned-center is-layout-flow wp-block-column-is-layout-flow\" style=\"flex-basis:50%\">\n<figure class=\"wp-block-image size-large is-style-rounded\"><img decoding=\"async\" width=\"1024\" height=\"1024\" src=\"https:\/\/marcinwalas.pl\/wp-content\/uploads\/2023\/11\/20220520_111803-1024x1024.jpg\" alt=\"\" class=\"wp-image-443\" srcset=\"https:\/\/marcinwalas.pl\/wp-content\/uploads\/2023\/11\/20220520_111803-1024x1024.jpg 1024w, https:\/\/marcinwalas.pl\/wp-content\/uploads\/2023\/11\/20220520_111803-300x300.jpg 300w, https:\/\/marcinwalas.pl\/wp-content\/uploads\/2023\/11\/20220520_111803-150x150.jpg 150w, https:\/\/marcinwalas.pl\/wp-content\/uploads\/2023\/11\/20220520_111803-768x768.jpg 768w, https:\/\/marcinwalas.pl\/wp-content\/uploads\/2023\/11\/20220520_111803-1536x1536.jpg 1536w, https:\/\/marcinwalas.pl\/wp-content\/uploads\/2023\/11\/20220520_111803-2048x2048.jpg 2048w\" sizes=\"(max-width: 1024px) 100vw, 1024px\" \/><\/figure>\n<\/div>\n\n\n\n<div class=\"wp-block-column is-vertically-aligned-center is-layout-flow wp-block-column-is-layout-flow\" style=\"flex-basis:50%\">\n<h2 class=\"wp-block-heading has-neve-text-color-color has-text-color\">Cyfryzacja<\/h2>\n\n\n\n<p class=\"has-neve-text-color-color has-text-color\">Szczeg\u00f3lnie wa\u017cnymi dla mnie tematami s\u0105 <strong>cyfryzacja i nowe technologie<\/strong>. Dlatego w ramach mojej pracy spo\u0142ecznej w Instytucie Strategie 2050 anga\u017cowa\u0142em si\u0119 tak\u017ce w tych obszarach, dziel\u0105c swoj\u0105 wiedz\u0105 i do\u015bwiadczeniami zawodowymi.<\/p>\n\n\n\n<p class=\"has-neve-text-color-color has-text-color\">Analizowa\u0142em problemy dotycz\u0105ce konsekwencji automatyzacji pracy i rozwoju sztucznej inteligencji, wdro\u017cenia polityki otwartych danych (tak\u017ce na poziomie samorz\u0105du), regulacji du\u017cych platform internetowych i medi\u00f3w spo\u0142eczno\u015bciowych, zjawisku rozprzestrzeniania si\u0119 dezinformacji (<em>fake news<\/em>) oraz mowy nienawi\u015bci (<em>hate speech<\/em>) czy wykluczenia cyfrowego. Cz\u0119\u015b\u0107 z tych problem\u00f3w przebada\u0142em na potrzeby naszego regionu i jego stolicy &#8211; Krakowa. Reprezentowa\u0142em te\u017c nasz Instytut w Parlamencie Europejskim w ramach warsztat\u00f3w organizowanych przez grup\u0119 Renew Europe.<\/p>\n\n\n\n<p>Niekt\u00f3re z tych wynik\u00f3w opublikowali\u015bmy na stronach Instytutu. Przyk\u0142adem takiego tekstu (mojego autorstwa) jest &#8222;Wojna 3.0 Globalny Konflikt w\u00a0\u201eMetawersum\u201d&#8221; w kt\u00f3rym omawiam &#8222;cyfrowy&#8221; aspekt agresji Rosji na Ukrain\u0119. Cenniejszym dla mnie do\u015bwiadczeniem by\u0142a <strong>organizacja wyk\u0142adu<\/strong> dla senior\u00f3w pt. &#8222;Cyberbezpiecze\u0144stwo&#8221;. Spotkanie to by\u0142o okazj\u0105 do przedstawienia kilku prostych (cho\u0107 bardzo skutecznych) sposob\u00f3w na zwi\u0119kszenie swojego bezpiecze\u0144stwa w sieci.<\/p>\n\n\n\n<p>Je\u015bli chcesz mo\u017cesz sprawdzi\u0107 cz\u0119\u015b\u0107 z moich aktywno\u015bci cyfrowych korzystaj\u0105c z poni\u017cszych link\u00f3w.<\/p>\n\n\n\n<div class=\"wp-block-buttons is-horizontal is-content-justification-left is-layout-flex wp-container-core-buttons-is-layout-7e5fce0a wp-block-buttons-is-layout-flex\">\n<div class=\"wp-block-button is-style-primary\"><a class=\"wp-block-button__link wp-element-button\" href=\"https:\/\/youtu.be\/-BKbqgarsw4?si=MA2aAhOO_aZXKvVP\" target=\"_blank\" rel=\"noreferrer noopener\">WYK\u0141AD UTW 2050<\/a><\/div>\n\n\n\n<div class=\"wp-block-button is-style-primary\"><a class=\"wp-block-button__link wp-element-button\" href=\"https:\/\/strategie2050.pl\/publikacje\/analiza-wojna-3-0-globalny-konflikt-w-metawersum\/\" target=\"_blank\" rel=\"noreferrer noopener\">ANALIZA WOJNA 3.0<\/a><\/div>\n<\/div>\n<\/div>\n<\/div>\n\n\n\n<div style=\"height:40px\" aria-hidden=\"true\" class=\"wp-block-spacer\"><\/div>\n<\/div><\/div>\n<\/div><\/div>\n\n\n\n<div class=\"wp-block-cover alignfull\" style=\"min-height:626px;aspect-ratio:unset;\"><span aria-hidden=\"true\" class=\"wp-block-cover__background has-nv-site-bg-background-color has-background-dim-100 has-background-dim\"><\/span><div class=\"wp-block-cover__inner-container is-layout-flow wp-block-cover-is-layout-flow\">\n<div style=\"height:80px\" aria-hidden=\"true\" class=\"wp-block-spacer\"><\/div>\n\n\n\n<div class=\"wp-block-columns is-layout-flex wp-container-core-columns-is-layout-9d6595d7 wp-block-columns-is-layout-flex\">\n<div class=\"wp-block-column ticss-4ce656f1 is-layout-flow wp-block-column-is-layout-flow\"><div class=\"wp-block-image icon-style is-style-rounded\">\n<figure class=\"aligncenter size-large\"><img decoding=\"async\" width=\"72\" height=\"72\" src=\"http:\/\/marcinwalas.pl\/wp-content\/uploads\/2020\/01\/neve-webdesign-GB-03.png\" alt=\"\" class=\"wp-image-20\"\/><\/figure>\n<\/div>\n\n\n<div style=\"height:24px\" aria-hidden=\"true\" class=\"wp-block-spacer\"><\/div>\n\n\n\n<h3 class=\"wp-block-heading has-text-align-center has-neve-text-color-color has-text-color\">Akcje spo\u0142eczne<\/h3>\n\n\n\n<p class=\"has-text-align-center has-neve-text-color-color has-text-color\" style=\"font-size:15px\">W ramach cz\u0142onkostwa w stowarzyszeniu Polska 2050 zrealizowa\u0142em<strong> szereg akcji spo\u0142ecznych<\/strong> oraz pozna\u0142em <strong>zasady funkcjonowania samorz\u0105du<\/strong>.<\/p>\n\n\n\n<div style=\"height:20px\" aria-hidden=\"true\" class=\"wp-block-spacer\"><\/div>\n<\/div>\n\n\n\n<div class=\"wp-block-column ticss-f6fc7494 is-layout-flow wp-block-column-is-layout-flow\"><div class=\"wp-block-image icon-style is-style-rounded\">\n<figure class=\"aligncenter size-large\"><img decoding=\"async\" width=\"72\" height=\"72\" src=\"http:\/\/marcinwalas.pl\/wp-content\/uploads\/2020\/01\/neve-webdesign-GB-03.png\" alt=\"\" class=\"wp-image-20\"\/><\/figure>\n<\/div>\n\n\n<div style=\"height:24px\" aria-hidden=\"true\" class=\"wp-block-spacer\"><\/div>\n\n\n\n<h3 class=\"wp-block-heading has-text-align-center has-neve-text-color-color has-text-color\">Grupa ekspercka<\/h3>\n\n\n\n<p class=\"has-text-align-center has-neve-text-color-color has-text-color\" style=\"font-size:15px\">Koordynuj\u0105c prace regionalnego oddzia\u0142u Instytutu Strategie 2050 <strong>pozna\u0142em <\/strong>od eksperckiej strony <strong>kluczowe problemy<\/strong> naszego regionu i miasta.<\/p>\n\n\n\n<div style=\"height:20px\" aria-hidden=\"true\" class=\"wp-block-spacer\"><\/div>\n<\/div>\n\n\n\n<div class=\"wp-block-column ticss-a5b4df29 is-layout-flow wp-block-column-is-layout-flow\"><div class=\"wp-block-image icon-style is-style-rounded\">\n<figure class=\"aligncenter size-large\"><img decoding=\"async\" width=\"72\" height=\"72\" src=\"http:\/\/marcinwalas.pl\/wp-content\/uploads\/2020\/01\/neve-webdesign-GB-03.png\" alt=\"\" class=\"wp-image-20\"\/><\/figure>\n<\/div>\n\n\n<div style=\"height:24px\" aria-hidden=\"true\" class=\"wp-block-spacer\"><\/div>\n\n\n\n<h3 class=\"wp-block-heading has-text-align-center has-neve-text-color-color has-text-color\">Cyfryzacja<\/h3>\n\n\n\n<p class=\"has-text-align-center has-neve-text-color-color has-text-color\" style=\"font-size:15px\">By\u0142em szczeg\u00f3lnie aktywny w obszarze cyfryzacji tworz\u0105c <strong>analizy i raporty<\/strong> oraz<strong> dziel\u0105c wiedz\u0105<\/strong> w ramach Uniwersytetu Trzeciego Wieku 2050.<\/p>\n\n\n\n<div style=\"height:20px\" aria-hidden=\"true\" class=\"wp-block-spacer\"><\/div>\n<\/div>\n<\/div>\n\n\n\n<div style=\"height:30px\" aria-hidden=\"true\" class=\"wp-block-spacer\"><\/div>\n<\/div><\/div>\n\n\n\n<div class=\"wp-block-cover alignfull\" style=\"min-height:195px;aspect-ratio:unset;\"><span aria-hidden=\"true\" class=\"wp-block-cover__background has-nv-light-bg-background-color has-background-dim-100 has-background-dim\"><\/span><div class=\"wp-block-cover__inner-container is-layout-flow wp-block-cover-is-layout-flow\">\n<div class=\"wp-block-group\"><div class=\"wp-block-group__inner-container is-layout-flow wp-block-group-is-layout-flow\">\n<div style=\"height:14px\" aria-hidden=\"true\" class=\"wp-block-spacer\"><\/div>\n\n\n\n<p>To tylko niekt\u00f3re z moich do\u015bwiadcze\u0144. Teraz jednak zapraszam do sprawdzenia jak odnalaz\u0142em si\u0119 w Krakowie&#8230;<\/p>\n\n\n\n<div class=\"wp-block-buttons is-horizontal is-content-justification-left is-layout-flex wp-container-core-buttons-is-layout-7e5fce0a wp-block-buttons-is-layout-flex\">\n<div class=\"wp-block-button is-style-primary\"><a class=\"wp-block-button__link wp-element-button\" href=\"https:\/\/marcinwalas.pl\/index.php\/krakow\/\">WI\u0118CEJ<\/a><\/div>\n<\/div>\n\n\n\n<div style=\"height:14px\" aria-hidden=\"true\" class=\"wp-block-spacer\"><\/div>\n<\/div><\/div>\n<\/div><\/div>\n","protected":false},"excerpt":{"rendered":"","protected":false},"author":1,"featured_media":0,"parent":0,"menu_order":0,"comment_status":"closed","ping_status":"closed","template":"","meta":{"neve_meta_sidebar":"default","neve_meta_container":"default","neve_meta_enable_content_width":"on","neve_meta_content_width":100,"neve_meta_title_alignment":"","neve_meta_author_avatar":"","neve_post_elements_order":"","neve_meta_disable_header":"","neve_meta_disable_footer":"","neve_meta_disable_title":"on","_themeisle_gutenberg_block_has_review":false,"_ti_tpc_template_sync":false,"_ti_tpc_template_id":"eex7gnweb2m8vo93cr1g","footnotes":""},"class_list":["post-423","page","type-page","status-publish","hentry"],"_links":{"self":[{"href":"https:\/\/marcinwalas.pl\/index.php\/wp-json\/wp\/v2\/pages\/423","targetHints":{"allow":["GET"]}}],"collection":[{"href":"https:\/\/marcinwalas.pl\/index.php\/wp-json\/wp\/v2\/pages"}],"about":[{"href":"https:\/\/marcinwalas.pl\/index.php\/wp-json\/wp\/v2\/types\/page"}],"author":[{"embeddable":true,"href":"https:\/\/marcinwalas.pl\/index.php\/wp-json\/wp\/v2\/users\/1"}],"replies":[{"embeddable":true,"href":"https:\/\/marcinwalas.pl\/index.php\/wp-json\/wp\/v2\/comments?post=423"}],"version-history":[{"count":13,"href":"https:\/\/marcinwalas.pl\/index.php\/wp-json\/wp\/v2\/pages\/423\/revisions"}],"predecessor-version":[{"id":579,"href":"https:\/\/marcinwalas.pl\/index.php\/wp-json\/wp\/v2\/pages\/423\/revisions\/579"}],"wp:attachment":[{"href":"https:\/\/marcinwalas.pl\/index.php\/wp-json\/wp\/v2\/media?parent=423"}],"curies":[{"name":"wp","href":"https:\/\/api.w.org\/{rel}","templated":true}]}}