{"id":447,"date":"2023-11-19T01:08:34","date_gmt":"2023-11-19T01:08:34","guid":{"rendered":"https:\/\/marcinwalas.pl\/?page_id=447"},"modified":"2023-11-25T22:45:23","modified_gmt":"2023-11-25T21:45:23","slug":"pomysly","status":"publish","type":"page","link":"https:\/\/marcinwalas.pl\/index.php\/pomysly\/","title":{"rendered":"Pomys\u0142y"},"content":{"rendered":"\n<div class=\"wp-block-cover alignfull\" style=\"min-height:300px;aspect-ratio:unset;\"><span aria-hidden=\"true\" class=\"wp-block-cover__background has-nv-site-bg-background-color has-background-dim-100 has-background-dim\"><\/span><div class=\"wp-block-cover__inner-container is-layout-flow wp-block-cover-is-layout-flow\">\n<div class=\"wp-block-group is-nowrap is-layout-flex wp-container-core-group-is-layout-ad2f72ca wp-block-group-is-layout-flex\">\n<figure class=\"wp-block-image size-large is-resized is-style-rounded\"><img decoding=\"async\" width=\"925\" height=\"1024\" src=\"https:\/\/marcinwalas.pl\/wp-content\/uploads\/2023\/11\/ja-glowa-925x1024.jpg\" alt=\"\" class=\"wp-image-389\" style=\"width:211px;height:auto\" srcset=\"https:\/\/marcinwalas.pl\/wp-content\/uploads\/2023\/11\/ja-glowa-925x1024.jpg 925w, https:\/\/marcinwalas.pl\/wp-content\/uploads\/2023\/11\/ja-glowa-271x300.jpg 271w, https:\/\/marcinwalas.pl\/wp-content\/uploads\/2023\/11\/ja-glowa-768x850.jpg 768w, https:\/\/marcinwalas.pl\/wp-content\/uploads\/2023\/11\/ja-glowa-1388x1536.jpg 1388w, https:\/\/marcinwalas.pl\/wp-content\/uploads\/2023\/11\/ja-glowa-1850x2048.jpg 1850w\" sizes=\"(max-width: 925px) 100vw, 925px\" \/><\/figure>\n\n\n\n<div style=\"height:100px;width:18px\" aria-hidden=\"true\" class=\"wp-block-spacer wp-container-content-7a8a7e73\"><\/div>\n\n\n\n<div class=\"wp-block-group is-vertical is-layout-flex wp-container-core-group-is-layout-8cf370e7 wp-block-group-is-layout-flex\">\n<h1 class=\"wp-block-heading has-text-align-left has-neve-text-color-color has-text-color\">Pomys\u0142y<\/h1>\n\n\n\n<p style=\"font-style:italic;font-weight:400\">Co chc\u0119 zrobi\u0107 w dzielnicy?<\/p>\n<\/div>\n<\/div>\n<\/div><\/div>\n\n\n\n<div class=\"wp-block-cover alignfull\" style=\"min-height:600px;aspect-ratio:unset;\"><span aria-hidden=\"true\" class=\"wp-block-cover__background has-nv-light-bg-background-color has-background-dim-100 has-background-dim\"><\/span><div class=\"wp-block-cover__inner-container is-layout-flow wp-block-cover-is-layout-flow\">\n<div class=\"wp-block-group\"><div class=\"wp-block-group__inner-container is-layout-flow wp-block-group-is-layout-flow\">\n<div style=\"height:80px\" aria-hidden=\"true\" class=\"wp-block-spacer\"><\/div>\n\n\n\n<div class=\"wp-block-columns are-vertically-aligned-center has-neve-text-color-color has-text-color is-layout-flex wp-container-core-columns-is-layout-9d6595d7 wp-block-columns-is-layout-flex\">\n<div class=\"wp-block-column is-vertically-aligned-center is-layout-flow wp-block-column-is-layout-flow\" style=\"flex-basis:50%\">\n<figure class=\"wp-block-image size-full is-style-rounded\"><img decoding=\"async\" width=\"775\" height=\"560\" src=\"https:\/\/marcinwalas.pl\/wp-content\/uploads\/2023\/11\/obraz.png\" alt=\"\" class=\"wp-image-599\" srcset=\"https:\/\/marcinwalas.pl\/wp-content\/uploads\/2023\/11\/obraz.png 775w, https:\/\/marcinwalas.pl\/wp-content\/uploads\/2023\/11\/obraz-300x217.png 300w, https:\/\/marcinwalas.pl\/wp-content\/uploads\/2023\/11\/obraz-768x555.png 768w\" sizes=\"(max-width: 775px) 100vw, 775px\" \/><\/figure>\n<\/div>\n\n\n\n<div class=\"wp-block-column is-vertically-aligned-center is-layout-flow wp-block-column-is-layout-flow\" style=\"flex-basis:50%\">\n<h2 class=\"wp-block-heading has-neve-text-color-color has-text-color\">10 Grudnia Wybory!<\/h2>\n\n\n\n<p class=\"has-neve-text-color-color has-text-color\">Ju\u017c 10 grudnia wybierzemy swoich przedstawicieli i przedstawicielki do <strong>Rady Dzielnicy IV &#8211; Pr\u0105dnik Bia\u0142y<\/strong>. <\/p>\n\n\n\n<p class=\"has-neve-text-color-color has-text-color\">Okr\u0119g wyborczy nr 4 obejmuje ulice: <strong>Conrada <\/strong>numery nieparzyste od 27 do 83, <strong>Fiszera<\/strong>, <strong>Podkowi\u0144skiego<\/strong>, <strong>S\u0142owicz\u0105<\/strong>, <strong>Radzikowskiego <\/strong>(numery nieparzyste: 13, od 21 do 83), , <strong>Radzikowskiego <\/strong>(numery parzyste od 70 do 74, od 90 do 96, od 100 do 108, 114, 116 oraz od 124 do 142), <strong>Pu\u017caka<\/strong> (numery 3, 7, 7A, 9, 9A, 13), <strong>Czerwie\u0144skiego <\/strong>i <strong>Wilcz\u0105<\/strong>.<\/p>\n\n\n\n<p><strong>G\u0142osujemy w niedziel\u0119 10 grudnia w szkole nr 119, ul. Czerwie\u0144skiego.<\/strong> Zapraszam do rozwa\u017cenia mojej kandydatury w nadchodz\u0105cych wyborach!<\/p>\n<\/div>\n<\/div>\n\n\n\n<div style=\"height:40px\" aria-hidden=\"true\" class=\"wp-block-spacer\"><\/div>\n<\/div><\/div>\n<\/div><\/div>\n\n\n\n<div class=\"wp-block-cover alignfull\" style=\"min-height:600px;aspect-ratio:unset;\"><span aria-hidden=\"true\" class=\"wp-block-cover__background has-nv-dark-bg-background-color has-background-dim-100 has-background-dim\"><\/span><div class=\"wp-block-cover__inner-container is-layout-flow wp-block-cover-is-layout-flow\">\n<div class=\"wp-block-group\"><div class=\"wp-block-group__inner-container is-layout-flow wp-block-group-is-layout-flow\">\n<div style=\"height:80px\" aria-hidden=\"true\" class=\"wp-block-spacer\"><\/div>\n\n\n\n<div class=\"wp-block-columns are-vertically-aligned-center is-layout-flex wp-container-core-columns-is-layout-9d6595d7 wp-block-columns-is-layout-flex\">\n<div class=\"wp-block-column is-vertically-aligned-center is-layout-flow wp-block-column-is-layout-flow\" style=\"flex-basis:50%\">\n<h2 class=\"wp-block-heading has-nv-text-dark-bg-color has-text-color\"><strong>Czym chcia\u0142bym si\u0119 zaj\u0105\u0107 w radzie?<\/strong><\/h2>\n\n\n\n<p>Jako Radny Dzielnicy IV chcia\u0142bym:<\/p>\n\n\n\n<ul class=\"wp-block-list\">\n<li>wsp\u00f3\u0142pracowa\u0107 z fili\u0105 <strong>biblioteki<\/strong> miejskiej na ulicy Radzikowskiego,<\/li>\n\n\n\n<li>zabiega\u0107 o tworzenie nowych i udro\u017cnienie istniej\u0105cych <strong>chodnik\u00f3w<\/strong> np. nowy chodnik mi\u0119dzy ul. Fiszera a S\u0142owicz\u0105,<\/li>\n\n\n\n<li>stara\u0107 si\u0119 o zwi\u0119kszenie dost\u0119pno\u015bci <strong>miejsc parkingowych<\/strong> &#8211; szczeg\u00f3lnie na ulicy Czerwie\u0144skiego,<\/li>\n\n\n\n<li>zabiega\u0107 o <strong>wi\u0119cej zieleni,<\/strong> nie tylko drzew, ale tak\u017ce krzew\u00f3w i \u0142\u0105k kwietnych.<\/li>\n<\/ul>\n\n\n\n<p>Ponadto zobowi\u0105zuj\u0119 si\u0119 do <strong>aktywnego<\/strong> informowania mieszka\u0144c\u00f3w okolicy o najwa\u017cniejszych sprawach poruszanych przez rad\u0119 i <strong>wzmacniania g\u0142osu mieszka\u0144c\u00f3w<\/strong>.<\/p>\n\n\n\n<div style=\"height:20px\" aria-hidden=\"true\" class=\"wp-block-spacer\"><\/div>\n\n\n\n<div style=\"height:20px\" aria-hidden=\"true\" class=\"wp-block-spacer\"><\/div>\n<\/div>\n\n\n\n<div class=\"wp-block-column is-vertically-aligned-center is-layout-flow wp-block-column-is-layout-flow\" style=\"flex-basis:50%\">\n<figure class=\"wp-block-image size-large is-style-rounded\"><img decoding=\"async\" width=\"810\" height=\"1024\" src=\"https:\/\/marcinwalas.pl\/wp-content\/uploads\/2023\/11\/przemowa-kadr-810x1024.jpg\" alt=\"\" class=\"wp-image-600\" srcset=\"https:\/\/marcinwalas.pl\/wp-content\/uploads\/2023\/11\/przemowa-kadr-810x1024.jpg 810w, https:\/\/marcinwalas.pl\/wp-content\/uploads\/2023\/11\/przemowa-kadr-237x300.jpg 237w, https:\/\/marcinwalas.pl\/wp-content\/uploads\/2023\/11\/przemowa-kadr-768x970.jpg 768w, https:\/\/marcinwalas.pl\/wp-content\/uploads\/2023\/11\/przemowa-kadr.jpg 1184w\" sizes=\"(max-width: 810px) 100vw, 810px\" \/><\/figure>\n<\/div>\n<\/div>\n\n\n\n<div style=\"height:40px\" aria-hidden=\"true\" class=\"wp-block-spacer\"><\/div>\n<\/div><\/div>\n<\/div><\/div>\n\n\n\n<div class=\"wp-block-cover alignfull\" style=\"min-height:600px;aspect-ratio:unset;\"><span aria-hidden=\"true\" class=\"wp-block-cover__background has-nv-light-bg-background-color has-background-dim-100 has-background-dim\"><\/span><div class=\"wp-block-cover__inner-container is-layout-flow wp-block-cover-is-layout-flow\">\n<div class=\"wp-block-group\"><div class=\"wp-block-group__inner-container is-layout-flow wp-block-group-is-layout-flow\">\n<div style=\"height:80px\" aria-hidden=\"true\" class=\"wp-block-spacer\"><\/div>\n\n\n\n<div class=\"wp-block-columns are-vertically-aligned-center has-neve-text-color-color has-text-color is-layout-flex wp-container-core-columns-is-layout-9d6595d7 wp-block-columns-is-layout-flex\">\n<div class=\"wp-block-column is-vertically-aligned-center is-layout-flow wp-block-column-is-layout-flow\" style=\"flex-basis:50%\">\n<figure class=\"wp-block-image size-large is-style-rounded\"><img decoding=\"async\" width=\"768\" height=\"1024\" src=\"https:\/\/marcinwalas.pl\/wp-content\/uploads\/2023\/11\/20230528_172416-768x1024.jpg\" alt=\"\" class=\"wp-image-543\" srcset=\"https:\/\/marcinwalas.pl\/wp-content\/uploads\/2023\/11\/20230528_172416-768x1024.jpg 768w, https:\/\/marcinwalas.pl\/wp-content\/uploads\/2023\/11\/20230528_172416-225x300.jpg 225w, https:\/\/marcinwalas.pl\/wp-content\/uploads\/2023\/11\/20230528_172416-1152x1536.jpg 1152w, https:\/\/marcinwalas.pl\/wp-content\/uploads\/2023\/11\/20230528_172416-1536x2048.jpg 1536w, https:\/\/marcinwalas.pl\/wp-content\/uploads\/2023\/11\/20230528_172416-scaled.jpg 1920w\" sizes=\"(max-width: 768px) 100vw, 768px\" \/><\/figure>\n<\/div>\n\n\n\n<div class=\"wp-block-column is-vertically-aligned-center is-layout-flow wp-block-column-is-layout-flow\" style=\"flex-basis:50%\">\n<h2 class=\"wp-block-heading has-neve-text-color-color has-text-color\">Dlaczego akurat ja?<\/h2>\n\n\n\n<p>W ramach mojej pracy spo\u0142ecznej organizowa\u0142em lub wsp\u00f3\u0142organizowa\u0142em mi\u0119dzy innymi:<\/p>\n\n\n\n<ul class=\"wp-block-list\">\n<li>akcje <strong>sprz\u0105tania okolicy<\/strong> w ramach tzw. kontraktu obywatelskiego \u201cSprz\u0105tanie brzeg\u00f3w rzeki Pr\u0105dnik\u201d,<\/li>\n\n\n\n<li>rozdawanie \u201c<strong>nano\u0142\u0105czek<\/strong>\u201d do zasiania przez mieszka\u0144c\u00f3w (park Ko\u015bciuszki i Dworek Bia\u0142opr\u0105dnicki),<\/li>\n\n\n\n<li>pomoc w zbi\u00f3rkach i wsparciu os\u00f3b w <strong>kryzysie bezdomno\u015bci<\/strong> w ramach krakowskiej grupy \u201cPlantacja Dobra\u201d i \u201cLod\u00f3wki Dobra\u201d<\/li>\n\n\n\n<li>akcje spo\u0142eczne poruszaj\u0105ce problem <strong>przemocy domowej i przemocy wobec kobiet<\/strong><\/li>\n\n\n\n<li><strong>wyk\u0142ad dla senior\u00f3w<\/strong> na temat cyberbezpiecze\u0144stwa (Uniwersytet Trzeciego Wieku 2050).<\/li>\n<\/ul>\n\n\n\n<p>Postanowi\u0142em kandydowa\u0107 na radnego mojej dzielnicy (Pr\u0105dnik Bia\u0142y), aby wykorzysta\u0107 swoje dotychczasowe do\u015bwiadczenie aktywisty dla dobra najbli\u017cszego otoczenia. Moim najwi\u0119kszymi atutami jest umiej\u0119tno\u015b\u0107 wsp\u00f3\u0142pracy, pracowito\u015b\u0107 oraz otwarto\u015b\u0107 na ludzi. My\u015bl\u0119, \u017ce to cechy, kt\u00f3re powinien mie\u0107 dobry radny. Wi\u0119cej o moich aktywno\u015bciach w pracy aktywisty znajdziesz na mojej stronie.<\/p>\n\n\n\n<div class=\"wp-block-buttons is-horizontal is-content-justification-left is-layout-flex wp-container-core-buttons-is-layout-7e5fce0a wp-block-buttons-is-layout-flex\">\n<div class=\"wp-block-button is-style-primary\"><a class=\"wp-block-button__link wp-element-button\" href=\"https:\/\/marcinwalas.pl\/index.php\/aktywizm\/\">AKTYWIZM<\/a><\/div>\n<\/div>\n<\/div>\n<\/div>\n\n\n\n<div style=\"height:40px\" aria-hidden=\"true\" class=\"wp-block-spacer\"><\/div>\n<\/div><\/div>\n<\/div><\/div>\n\n\n\n<div class=\"wp-block-cover alignfull\" style=\"min-height:420px;aspect-ratio:unset;\"><span aria-hidden=\"true\" class=\"wp-block-cover__background has-nv-site-bg-background-color has-background-dim-100 has-background-dim\"><\/span><div class=\"wp-block-cover__inner-container is-layout-flow wp-block-cover-is-layout-flow\">\n<div style=\"height:80px\" aria-hidden=\"true\" class=\"wp-block-spacer\"><\/div>\n\n\n\n<div class=\"wp-block-columns is-layout-flex wp-container-core-columns-is-layout-9d6595d7 wp-block-columns-is-layout-flex\">\n<div class=\"wp-block-column is-layout-flow wp-block-column-is-layout-flow\"><div class=\"wp-block-image icon-style is-style-rounded\">\n<figure class=\"aligncenter size-large\"><img decoding=\"async\" width=\"72\" height=\"72\" src=\"http:\/\/marcinwalas.pl\/wp-content\/uploads\/2020\/01\/neve-webdesign-GB-03.png\" alt=\"\" class=\"wp-image-20\" title=\"\"\/><\/figure>\n<\/div>\n\n\n<div style=\"height:20px\" aria-hidden=\"true\" class=\"wp-block-spacer\"><\/div>\n\n\n\n<h3 class=\"wp-block-heading has-text-align-center has-neve-text-color-color has-text-color\">Nic o nas bez nas<\/h3>\n\n\n\n<p class=\"has-text-align-center\">Rada Dzielnicy powinna zapewni\u0107, \u017ce <strong>g\u0142os mieszka\u0144c\u00f3w i mieszkanek jest s\u0142yszany<\/strong>, a podejmowane w Urz\u0119dzie Miasta decyzje uwzgl\u0119dniaj\u0105 <strong>nasz\u0105 perspektyw\u0119<\/strong>.<\/p>\n\n\n\n<div style=\"height:20px\" aria-hidden=\"true\" class=\"wp-block-spacer\"><\/div>\n<\/div>\n\n\n\n<div class=\"wp-block-column is-layout-flow wp-block-column-is-layout-flow\"><div class=\"wp-block-image icon-style is-style-rounded\">\n<figure class=\"aligncenter size-full\"><img decoding=\"async\" width=\"72\" height=\"72\" src=\"http:\/\/marcinwalas.pl\/wp-content\/uploads\/2020\/01\/neve-webdesign-GB-03.png\" alt=\"\" class=\"wp-image-20\"\/><\/figure>\n<\/div>\n\n\n<div style=\"height:20px\" aria-hidden=\"true\" class=\"wp-block-spacer\"><\/div>\n\n\n\n<h3 class=\"wp-block-heading has-text-align-center has-neve-text-color-color has-text-color\">Dzielnica pe\u0142na \u017cycia<\/h3>\n\n\n\n<p class=\"has-text-align-center\">Powinni\u015bmy d\u0105\u017cy\u0107 do <strong>wzbogacenia oferty kulturalnej i rekreacyjnej<\/strong> dzielnicy. W szczeg\u00f3lno\u015bci chcia\u0142bym wspiera\u0107 bibliotek\u0119 na ulicy Radzikowskiego.<\/p>\n\n\n\n<div style=\"height:20px\" aria-hidden=\"true\" class=\"wp-block-spacer\"><\/div>\n<\/div>\n\n\n\n<div class=\"wp-block-column is-layout-flow wp-block-column-is-layout-flow\"><div class=\"wp-block-image icon-style is-style-rounded\">\n<figure class=\"aligncenter size-full\"><img decoding=\"async\" width=\"72\" height=\"72\" src=\"http:\/\/marcinwalas.pl\/wp-content\/uploads\/2020\/01\/neve-webdesign-GB-03.png\" alt=\"\" class=\"wp-image-20\"\/><\/figure>\n<\/div>\n\n\n<div style=\"height:20px\" aria-hidden=\"true\" class=\"wp-block-spacer\"><\/div>\n\n\n\n<h3 class=\"wp-block-heading has-text-align-center has-neve-text-color-color has-text-color\">Przestrze\u0144 wsp\u00f3lna<\/h3>\n\n\n\n<p class=\"has-text-align-center\">Ka\u017cdego roku dzielnica powinna stawa\u0107 si\u0119 miejscem w kt\u00f3rym \u017cyje si\u0119 lepiej. Poprawa jako\u015bci  <strong>chodnik\u00f3w osiedlowych, wi\u0119cej teren\u00f3w rekreacyjnych i zieleni<\/strong> to moje priorytety.<\/p>\n\n\n\n<div style=\"height:20px\" aria-hidden=\"true\" class=\"wp-block-spacer\"><\/div>\n<\/div>\n<\/div>\n\n\n\n<div style=\"height:30px\" aria-hidden=\"true\" class=\"wp-block-spacer\"><\/div>\n<\/div><\/div>\n\n\n\n<div class=\"wp-block-cover alignfull\" style=\"min-height:195px;aspect-ratio:unset;\"><span aria-hidden=\"true\" class=\"wp-block-cover__background has-nv-light-bg-background-color has-background-dim-100 has-background-dim\"><\/span><div class=\"wp-block-cover__inner-container is-layout-flow wp-block-cover-is-layout-flow\">\n<div class=\"wp-block-group\"><div class=\"wp-block-group__inner-container is-layout-flow wp-block-group-is-layout-flow\">\n<div style=\"height:14px\" aria-hidden=\"true\" class=\"wp-block-spacer\"><\/div>\n\n\n\n<p>Chcesz wi\u0119cej? Zapraszam do kontaktu!<\/p>\n\n\n\n<div class=\"wp-block-buttons is-horizontal is-content-justification-left is-layout-flex wp-container-core-buttons-is-layout-7e5fce0a wp-block-buttons-is-layout-flex\">\n<div class=\"wp-block-button is-style-primary\"><a class=\"wp-block-button__link wp-element-button\" href=\"https:\/\/marcinwalas.pl\/index.php\/kontakt\/\">SKONTAKTUJ SI\u0118 ZE MN\u0104!<\/a><\/div>\n<\/div>\n\n\n\n<div style=\"height:14px\" aria-hidden=\"true\" class=\"wp-block-spacer\"><\/div>\n<\/div><\/div>\n<\/div><\/div>\n","protected":false},"excerpt":{"rendered":"","protected":false},"author":1,"featured_media":0,"parent":0,"menu_order":0,"comment_status":"closed","ping_status":"closed","template":"","meta":{"neve_meta_sidebar":"default","neve_meta_container":"default","neve_meta_enable_content_width":"on","neve_meta_content_width":100,"neve_meta_title_alignment":"","neve_meta_author_avatar":"","neve_post_elements_order":"","neve_meta_disable_header":"","neve_meta_disable_footer":"","neve_meta_disable_title":"on","_themeisle_gutenberg_block_has_review":false,"_ti_tpc_template_sync":false,"_ti_tpc_template_id":"eex7gnweb2m8vo93cr1g","footnotes":""},"class_list":["post-447","page","type-page","status-publish","hentry"],"_links":{"self":[{"href":"https:\/\/marcinwalas.pl\/index.php\/wp-json\/wp\/v2\/pages\/447","targetHints":{"allow":["GET"]}}],"collection":[{"href":"https:\/\/marcinwalas.pl\/index.php\/wp-json\/wp\/v2\/pages"}],"about":[{"href":"https:\/\/marcinwalas.pl\/index.php\/wp-json\/wp\/v2\/types\/page"}],"author":[{"embeddable":true,"href":"https:\/\/marcinwalas.pl\/index.php\/wp-json\/wp\/v2\/users\/1"}],"replies":[{"embeddable":true,"href":"https:\/\/marcinwalas.pl\/index.php\/wp-json\/wp\/v2\/comments?post=447"}],"version-history":[{"count":16,"href":"https:\/\/marcinwalas.pl\/index.php\/wp-json\/wp\/v2\/pages\/447\/revisions"}],"predecessor-version":[{"id":603,"href":"https:\/\/marcinwalas.pl\/index.php\/wp-json\/wp\/v2\/pages\/447\/revisions\/603"}],"wp:attachment":[{"href":"https:\/\/marcinwalas.pl\/index.php\/wp-json\/wp\/v2\/media?parent=447"}],"curies":[{"name":"wp","href":"https:\/\/api.w.org\/{rel}","templated":true}]}}