{"id":511,"date":"2023-11-19T13:56:57","date_gmt":"2023-11-19T13:56:57","guid":{"rendered":"https:\/\/marcinwalas.pl\/?page_id=511"},"modified":"2023-11-25T22:46:39","modified_gmt":"2023-11-25T21:46:39","slug":"kontakt","status":"publish","type":"page","link":"https:\/\/marcinwalas.pl\/index.php\/kontakt\/","title":{"rendered":"Kontakt"},"content":{"rendered":"\n<div class=\"wp-block-cover alignfull\" style=\"min-height:300px;aspect-ratio:unset;\"><span aria-hidden=\"true\" class=\"wp-block-cover__background has-nv-site-bg-background-color has-background-dim-100 has-background-dim\"><\/span><div class=\"wp-block-cover__inner-container is-layout-flow wp-block-cover-is-layout-flow\">\n<div class=\"wp-block-group is-nowrap is-layout-flex wp-container-core-group-is-layout-ad2f72ca wp-block-group-is-layout-flex\">\n<figure class=\"wp-block-image size-large is-resized is-style-rounded\"><img decoding=\"async\" width=\"925\" height=\"1024\" src=\"https:\/\/marcinwalas.pl\/wp-content\/uploads\/2023\/11\/ja-glowa-925x1024.jpg\" alt=\"\" class=\"wp-image-389\" style=\"width:211px;height:auto\" srcset=\"https:\/\/marcinwalas.pl\/wp-content\/uploads\/2023\/11\/ja-glowa-925x1024.jpg 925w, https:\/\/marcinwalas.pl\/wp-content\/uploads\/2023\/11\/ja-glowa-271x300.jpg 271w, https:\/\/marcinwalas.pl\/wp-content\/uploads\/2023\/11\/ja-glowa-768x850.jpg 768w, https:\/\/marcinwalas.pl\/wp-content\/uploads\/2023\/11\/ja-glowa-1388x1536.jpg 1388w, https:\/\/marcinwalas.pl\/wp-content\/uploads\/2023\/11\/ja-glowa-1850x2048.jpg 1850w\" sizes=\"(max-width: 925px) 100vw, 925px\" \/><\/figure>\n\n\n\n<div style=\"height:100px;width:18px\" aria-hidden=\"true\" class=\"wp-block-spacer wp-container-content-7a8a7e73\"><\/div>\n\n\n\n<div class=\"wp-block-group is-vertical is-layout-flex wp-container-core-group-is-layout-8cf370e7 wp-block-group-is-layout-flex\">\n<h1 class=\"wp-block-heading has-text-align-left has-neve-text-color-color has-text-color\">Kontakt<\/h1>\n\n\n\n<p style=\"font-style:italic;font-weight:400\">Je\u015bli chcesz wiedzie\u0107 wi\u0119cej, podzieli\u0107 si\u0119 swoj\u0105 opini\u0105, lub wesprze\u0107 mnie w moich dzia\u0142aniach, to zapraszam do kontaktu!<\/p>\n<\/div>\n<\/div>\n<\/div><\/div>\n\n\n\n<div class=\"wp-block-group has-nv-light-bg-background-color has-background\"><div class=\"wp-block-group__inner-container is-layout-flow wp-block-group-is-layout-flow\">\n<div style=\"height:24px\" aria-hidden=\"true\" class=\"wp-block-spacer\"><\/div>\n\n\n<div class=\"wp-block-image icon-style is-style-default\">\n<figure class=\"aligncenter size-large\"><img decoding=\"async\" width=\"65\" height=\"65\" src=\"http:\/\/marcinwalas.pl\/wp-content\/uploads\/2021\/06\/email-sm.png\" alt=\"\" class=\"wp-image-306\"\/><\/figure>\n<\/div>\n\n\n<div style=\"height:13px\" aria-hidden=\"true\" class=\"wp-block-spacer\"><\/div>\n\n\n\n<h3 class=\"wp-block-heading has-text-align-center has-neve-text-color-color has-text-color\">E-mail<\/h3>\n\n\n\n<p class=\"has-text-align-center has-neve-text-color-color has-text-color\" style=\"font-size:15px\"><a href=\"mailto:kontakt@marcinwalas.pl\">kontakt@marcinwalas.pl<\/a><\/p>\n\n\n\n<div style=\"height:24px\" aria-hidden=\"true\" class=\"wp-block-spacer\"><\/div>\n<\/div><\/div>\n\n\n\n<div class=\"wp-block-cover alignfull\" style=\"min-height:420px;aspect-ratio:unset;\"><span aria-hidden=\"true\" class=\"wp-block-cover__background has-nv-site-bg-background-color has-background-dim-100 has-background-dim\"><\/span><div class=\"wp-block-cover__inner-container is-layout-flow wp-block-cover-is-layout-flow\">\n<div style=\"height:80px\" aria-hidden=\"true\" class=\"wp-block-spacer\"><\/div>\n\n\n\n<p class=\"has-text-align-center has-medium-font-size\">Mo\u017cesz tak\u017ce sprawdzi\u0107 moje media spo\u0142eczno\u015bciowe w portalach Facebook, LinkedIn oraz X (dawniej Twitter)<\/p>\n\n\n\n<div class=\"wp-block-columns is-layout-flex wp-container-core-columns-is-layout-9d6595d7 wp-block-columns-is-layout-flex\">\n<div class=\"wp-block-column ticss-4ce656f1 is-layout-flow wp-block-column-is-layout-flow\"><div class=\"wp-block-image icon-style is-style-default\">\n<figure class=\"aligncenter size-large is-resized\"><a href=\"https:\/\/www.facebook.com\/walasmarcin\" target=\"_blank\" rel=\"noreferrer noopener\"><img decoding=\"async\" width=\"1024\" height=\"1024\" src=\"https:\/\/marcinwalas.pl\/wp-content\/uploads\/2023\/11\/Facebook_Logo_Primary-1024x1024.png\" alt=\"\" class=\"wp-image-518\" style=\"width:100px\" srcset=\"https:\/\/marcinwalas.pl\/wp-content\/uploads\/2023\/11\/Facebook_Logo_Primary-1024x1024.png 1024w, https:\/\/marcinwalas.pl\/wp-content\/uploads\/2023\/11\/Facebook_Logo_Primary-300x300.png 300w, https:\/\/marcinwalas.pl\/wp-content\/uploads\/2023\/11\/Facebook_Logo_Primary-150x150.png 150w, https:\/\/marcinwalas.pl\/wp-content\/uploads\/2023\/11\/Facebook_Logo_Primary-768x768.png 768w, https:\/\/marcinwalas.pl\/wp-content\/uploads\/2023\/11\/Facebook_Logo_Primary-1536x1536.png 1536w, https:\/\/marcinwalas.pl\/wp-content\/uploads\/2023\/11\/Facebook_Logo_Primary-2048x2048.png 2048w\" sizes=\"(max-width: 1024px) 100vw, 1024px\" \/><\/a><\/figure>\n<\/div>\n\n\n<div style=\"height:24px\" aria-hidden=\"true\" class=\"wp-block-spacer\"><\/div>\n\n\n\n<h3 class=\"wp-block-heading has-text-align-center has-neve-text-color-color has-text-color\"><a href=\"https:\/\/www.facebook.com\/walasmarcin\" target=\"_blank\" rel=\"noreferrer noopener\">Facebook<\/a><\/h3>\n\n\n\n<div style=\"height:20px\" aria-hidden=\"true\" class=\"wp-block-spacer\"><\/div>\n<\/div>\n\n\n\n<div class=\"wp-block-column ticss-f6fc7494 is-layout-flow wp-block-column-is-layout-flow\"><div class=\"wp-block-image icon-style is-style-default\">\n<figure class=\"aligncenter size-full is-resized\"><a href=\"https:\/\/www.linkedin.com\/in\/marcin-walas-96617845\/\" target=\"_blank\" rel=\"noreferrer noopener\"><img decoding=\"async\" width=\"635\" height=\"540\" src=\"https:\/\/marcinwalas.pl\/wp-content\/uploads\/2023\/11\/LI-In-Bug.png\" alt=\"\" class=\"wp-image-520\" style=\"width:100px\" srcset=\"https:\/\/marcinwalas.pl\/wp-content\/uploads\/2023\/11\/LI-In-Bug.png 635w, https:\/\/marcinwalas.pl\/wp-content\/uploads\/2023\/11\/LI-In-Bug-300x255.png 300w\" sizes=\"(max-width: 635px) 100vw, 635px\" \/><\/a><\/figure>\n<\/div>\n\n\n<div style=\"height:24px\" aria-hidden=\"true\" class=\"wp-block-spacer\"><\/div>\n\n\n\n<h3 class=\"wp-block-heading has-text-align-center has-neve-text-color-color has-text-color\"><a href=\"https:\/\/www.linkedin.com\/in\/marcin-walas-96617845\/\" target=\"_blank\" rel=\"noreferrer noopener\">LinkedIn<\/a><\/h3>\n\n\n\n<div style=\"height:20px\" aria-hidden=\"true\" class=\"wp-block-spacer\"><\/div>\n<\/div>\n\n\n\n<div class=\"wp-block-column ticss-a5b4df29 is-layout-flow wp-block-column-is-layout-flow\"><div class=\"wp-block-image icon-style is-style-default\">\n<figure class=\"aligncenter size-large is-resized\"><a href=\"https:\/\/twitter.com\/mar_walas\" target=\"_blank\" rel=\"noreferrer noopener\"><img decoding=\"async\" width=\"1002\" height=\"1024\" src=\"https:\/\/marcinwalas.pl\/wp-content\/uploads\/2023\/11\/logo-white-1002x1024.png\" alt=\"\" class=\"wp-image-521\" style=\"width:100px\" srcset=\"https:\/\/marcinwalas.pl\/wp-content\/uploads\/2023\/11\/logo-white-1002x1024.png 1002w, https:\/\/marcinwalas.pl\/wp-content\/uploads\/2023\/11\/logo-white-294x300.png 294w, https:\/\/marcinwalas.pl\/wp-content\/uploads\/2023\/11\/logo-white-768x785.png 768w, https:\/\/marcinwalas.pl\/wp-content\/uploads\/2023\/11\/logo-white-1503x1536.png 1503w, https:\/\/marcinwalas.pl\/wp-content\/uploads\/2023\/11\/logo-white-2004x2048.png 2004w\" sizes=\"(max-width: 1002px) 100vw, 1002px\" \/><\/a><\/figure>\n<\/div>\n\n\n<div style=\"height:24px\" aria-hidden=\"true\" class=\"wp-block-spacer\"><\/div>\n\n\n\n<h3 class=\"wp-block-heading has-text-align-center has-neve-text-color-color has-text-color\"><a href=\"https:\/\/twitter.com\/mar_walas\" target=\"_blank\" rel=\"noreferrer noopener\">X (Twitter)<\/a><\/h3>\n\n\n\n<div style=\"height:20px\" aria-hidden=\"true\" class=\"wp-block-spacer\"><\/div>\n<\/div>\n<\/div>\n\n\n\n<div style=\"height:30px\" aria-hidden=\"true\" class=\"wp-block-spacer\"><\/div>\n<\/div><\/div>\n\n\n\n<div class=\"wp-block-cover alignfull\" style=\"min-height:195px;aspect-ratio:unset;\"><span aria-hidden=\"true\" class=\"wp-block-cover__background has-nv-light-bg-background-color has-background-dim-100 has-background-dim\"><\/span><div class=\"wp-block-cover__inner-container is-layout-flow wp-block-cover-is-layout-flow\">\n<div class=\"wp-block-group\"><div class=\"wp-block-group__inner-container is-layout-flow wp-block-group-is-layout-flow\">\n<div style=\"height:14px\" aria-hidden=\"true\" class=\"wp-block-spacer\"><\/div>\n\n\n\n<p class=\"has-text-align-center\">O niekt\u00f3rych moich dzia\u0142aniach przeczytasz tak\u017ce na stronach organizacji z kt\u00f3rymi wsp\u00f3\u0142pracuj\u0119&#8230;<\/p>\n\n\n\n<div class=\"wp-block-buttons is-horizontal is-content-justification-center is-layout-flex wp-container-core-buttons-is-layout-499968f5 wp-block-buttons-is-layout-flex\">\n<div class=\"wp-block-button is-style-primary\"><a class=\"wp-block-button__link wp-element-button\" href=\"https:\/\/stowarzyszenie2050.pl\/\" target=\"_blank\" rel=\"noreferrer noopener\">Strona stowarzyszenia Polska 2050<\/a><\/div>\n\n\n\n<div class=\"wp-block-button is-style-primary\"><a class=\"wp-block-button__link wp-element-button\" href=\"https:\/\/www.facebook.com\/polska2050malopolskie\" target=\"_blank\" rel=\"noreferrer noopener\">Profil Polska 2050 Ma\u0142opolskie na Facebooku<\/a><\/div>\n\n\n\n<div class=\"wp-block-button is-style-primary\"><a class=\"wp-block-button__link wp-element-button\" href=\"https:\/\/strategie2050.pl\/\" target=\"_blank\" rel=\"noreferrer noopener\">Strona Instytutu Strategie 2050<\/a><\/div>\n<\/div>\n\n\n\n<div style=\"height:14px\" aria-hidden=\"true\" class=\"wp-block-spacer\"><\/div>\n<\/div><\/div>\n<\/div><\/div>\n","protected":false},"excerpt":{"rendered":"<p>E-mail kontakt@marcinwalas.pl<\/p>\n","protected":false},"author":1,"featured_media":0,"parent":0,"menu_order":0,"comment_status":"closed","ping_status":"closed","template":"","meta":{"neve_meta_sidebar":"default","neve_meta_container":"default","neve_meta_enable_content_width":"on","neve_meta_content_width":100,"neve_meta_title_alignment":"","neve_meta_author_avatar":"","neve_post_elements_order":"","neve_meta_disable_header":"","neve_meta_disable_footer":"","neve_meta_disable_title":"on","_themeisle_gutenberg_block_has_review":false,"_ti_tpc_template_sync":false,"_ti_tpc_template_id":"eex7gnweb2m8vo93cr1g","footnotes":""},"class_list":["post-511","page","type-page","status-publish","hentry"],"_links":{"self":[{"href":"https:\/\/marcinwalas.pl\/index.php\/wp-json\/wp\/v2\/pages\/511","targetHints":{"allow":["GET"]}}],"collection":[{"href":"https:\/\/marcinwalas.pl\/index.php\/wp-json\/wp\/v2\/pages"}],"about":[{"href":"https:\/\/marcinwalas.pl\/index.php\/wp-json\/wp\/v2\/types\/page"}],"author":[{"embeddable":true,"href":"https:\/\/marcinwalas.pl\/index.php\/wp-json\/wp\/v2\/users\/1"}],"replies":[{"embeddable":true,"href":"https:\/\/marcinwalas.pl\/index.php\/wp-json\/wp\/v2\/comments?post=511"}],"version-history":[{"count":9,"href":"https:\/\/marcinwalas.pl\/index.php\/wp-json\/wp\/v2\/pages\/511\/revisions"}],"predecessor-version":[{"id":605,"href":"https:\/\/marcinwalas.pl\/index.php\/wp-json\/wp\/v2\/pages\/511\/revisions\/605"}],"wp:attachment":[{"href":"https:\/\/marcinwalas.pl\/index.php\/wp-json\/wp\/v2\/media?parent=511"}],"curies":[{"name":"wp","href":"https:\/\/api.w.org\/{rel}","templated":true}]}}