{"id":61,"date":"2020-01-23T18:21:52","date_gmt":"2020-01-23T18:21:52","guid":{"rendered":"https:\/\/demosites.io\/web-agency-gb\/?page_id=61"},"modified":"2023-11-19T21:41:59","modified_gmt":"2023-11-19T20:41:59","slug":"o-mnie","status":"publish","type":"page","link":"https:\/\/marcinwalas.pl\/index.php\/o-mnie\/","title":{"rendered":"O mnie"},"content":{"rendered":"\n<div class=\"wp-block-cover alignfull\" style=\"min-height:300px;aspect-ratio:unset;\"><span aria-hidden=\"true\" class=\"wp-block-cover__background has-nv-site-bg-background-color has-background-dim-100 has-background-dim\"><\/span><div class=\"wp-block-cover__inner-container is-layout-flow wp-block-cover-is-layout-flow\">\n<div class=\"wp-block-group is-nowrap is-layout-flex wp-container-core-group-is-layout-ad2f72ca wp-block-group-is-layout-flex\">\n<figure class=\"wp-block-image size-large is-resized is-style-rounded\"><img decoding=\"async\" width=\"925\" height=\"1024\" src=\"https:\/\/marcinwalas.pl\/wp-content\/uploads\/2023\/11\/ja-glowa-925x1024.jpg\" alt=\"\" class=\"wp-image-389\" style=\"width:211px;height:auto\" srcset=\"https:\/\/marcinwalas.pl\/wp-content\/uploads\/2023\/11\/ja-glowa-925x1024.jpg 925w, https:\/\/marcinwalas.pl\/wp-content\/uploads\/2023\/11\/ja-glowa-271x300.jpg 271w, https:\/\/marcinwalas.pl\/wp-content\/uploads\/2023\/11\/ja-glowa-768x850.jpg 768w, https:\/\/marcinwalas.pl\/wp-content\/uploads\/2023\/11\/ja-glowa-1388x1536.jpg 1388w, https:\/\/marcinwalas.pl\/wp-content\/uploads\/2023\/11\/ja-glowa-1850x2048.jpg 1850w\" sizes=\"(max-width: 925px) 100vw, 925px\" \/><\/figure>\n\n\n\n<div style=\"height:100px;width:18px\" aria-hidden=\"true\" class=\"wp-block-spacer wp-container-content-7a8a7e73\"><\/div>\n\n\n\n<div class=\"wp-block-group is-vertical is-layout-flex wp-container-core-group-is-layout-8cf370e7 wp-block-group-is-layout-flex\">\n<h1 class=\"wp-block-heading has-text-align-left has-neve-text-color-color has-text-color\">O mnie<\/h1>\n\n\n\n<p style=\"font-style:italic;font-weight:400\">Kilka s\u0142\u00f3w o mojej rodzinie, pracy i moich pasjach<\/p>\n<\/div>\n<\/div>\n<\/div><\/div>\n\n\n\n<div class=\"wp-block-cover alignfull\" style=\"min-height:600px;aspect-ratio:unset;\"><span aria-hidden=\"true\" class=\"wp-block-cover__background has-nv-light-bg-background-color has-background-dim-100 has-background-dim\"><\/span><div class=\"wp-block-cover__inner-container is-layout-flow wp-block-cover-is-layout-flow\">\n<div class=\"wp-block-group\"><div class=\"wp-block-group__inner-container is-layout-flow wp-block-group-is-layout-flow\">\n<div style=\"height:80px\" aria-hidden=\"true\" class=\"wp-block-spacer\"><\/div>\n\n\n\n<div class=\"wp-block-columns are-vertically-aligned-center has-neve-text-color-color has-text-color is-layout-flex wp-container-core-columns-is-layout-9d6595d7 wp-block-columns-is-layout-flex\">\n<div class=\"wp-block-column is-vertically-aligned-center is-layout-flow wp-block-column-is-layout-flow\" style=\"flex-basis:50%\">\n<figure class=\"wp-block-image size-large is-style-rounded\"><img decoding=\"async\" width=\"1024\" height=\"935\" src=\"https:\/\/marcinwalas.pl\/wp-content\/uploads\/2023\/11\/20230219_151915-1024x935.jpg\" alt=\"\" class=\"wp-image-495\" srcset=\"https:\/\/marcinwalas.pl\/wp-content\/uploads\/2023\/11\/20230219_151915-1024x935.jpg 1024w, https:\/\/marcinwalas.pl\/wp-content\/uploads\/2023\/11\/20230219_151915-300x274.jpg 300w, https:\/\/marcinwalas.pl\/wp-content\/uploads\/2023\/11\/20230219_151915-768x701.jpg 768w, https:\/\/marcinwalas.pl\/wp-content\/uploads\/2023\/11\/20230219_151915-1536x1402.jpg 1536w, https:\/\/marcinwalas.pl\/wp-content\/uploads\/2023\/11\/20230219_151915-2048x1869.jpg 2048w\" sizes=\"(max-width: 1024px) 100vw, 1024px\" \/><\/figure>\n<\/div>\n\n\n\n<div class=\"wp-block-column is-vertically-aligned-center is-layout-flow wp-block-column-is-layout-flow\" style=\"flex-basis:50%\">\n<h2 class=\"wp-block-heading has-neve-text-color-color has-text-color\">Rodzina<\/h2>\n\n\n\n<p class=\"has-neve-text-color-color has-text-color\">&#8222;<em>Przestrzeni\u0105 cz\u0142owiekowi najbli\u017csz\u0105 jest dom. Wszystkie drogi cz\u0142owieka przez \u015bwiat mierz\u0105 si\u0119 odleg\u0142o\u015bci\u0105 od domu.<\/em>&#8221; (J\u00f3zef Tischner, &#8222;Alfabet Tischnera&#8221;)<\/p>\n\n\n\n<p class=\"has-neve-text-color-color has-text-color\">Przede wszystkim jestem <strong>ojcem dwuletniego synka<\/strong>. Jego pojawienie si\u0119 by\u0142o jednym z najlepszych moment\u00f3w mojego \u017cycia. Wychowanie m\u0142odego cz\u0142owieka, to r\u00f3wnie\u017c jedno z najtrudniejszych, ale i najbardziej satysfakcjonuj\u0105cych, zada\u0144 jakich przysz\u0142o mi si\u0119 podj\u0105\u0107.<\/p>\n\n\n\n<p>Moja \u017cona Monika jest pedago\u017ck\u0105 specjaln\u0105. Pracuje w jednej z krakowskich szk\u00f3\u0142. To dzi\u0119ki niej rozumiem trudno\u015bci edukacji, pracy z dzie\u0107mi oraz tajniki wychowania.<\/p>\n\n\n\n<p>Ca\u0142\u0105 tr\u00f3jk\u0105 jeste\u015bmy<strong> zapalonymi czytelnikami<\/strong>. Ka\u017cdego roku powi\u0119kszaj\u0105 si\u0119 stosy ksi\u0105\u017cek naszej domowej biblioteczki. A jednym z najwa\u017cniejszych dni w roku s\u0105 dla nas oczywi\u015bcie krakowskie &#8222;Targi Ksi\u0105\u017cki&#8221;.<\/p>\n<\/div>\n<\/div>\n\n\n\n<div style=\"height:40px\" aria-hidden=\"true\" class=\"wp-block-spacer\"><\/div>\n<\/div><\/div>\n<\/div><\/div>\n\n\n\n<div class=\"wp-block-cover alignfull\" style=\"min-height:600px;aspect-ratio:unset;\"><span aria-hidden=\"true\" class=\"wp-block-cover__background has-nv-dark-bg-background-color has-background-dim-100 has-background-dim\"><\/span><div class=\"wp-block-cover__inner-container is-layout-flow wp-block-cover-is-layout-flow\">\n<div class=\"wp-block-group\"><div class=\"wp-block-group__inner-container is-layout-flow wp-block-group-is-layout-flow\">\n<div style=\"height:80px\" aria-hidden=\"true\" class=\"wp-block-spacer\"><\/div>\n\n\n\n<div class=\"wp-block-columns are-vertically-aligned-center is-layout-flex wp-container-core-columns-is-layout-9d6595d7 wp-block-columns-is-layout-flex\">\n<div class=\"wp-block-column is-vertically-aligned-center is-layout-flow wp-block-column-is-layout-flow\" style=\"flex-basis:50%\">\n<h2 class=\"wp-block-heading has-nv-text-dark-bg-color has-text-color\">Praca<\/h2>\n\n\n\n<p>&#8222;<em>Bez przysz\u0142o\u015bci tera\u017aniejszo\u015b\u0107 staje si\u0119 bez znaczenia&#8230;<\/em>&#8221; (Jose Saramago, &#8222;Miasto \u015alepc\u00f3w&#8221;)<\/p>\n\n\n\n<p class=\"has-nv-text-dark-bg-color has-text-color\">Od kilkunastu lat pracuj\u0119 w bran\u017cy nowych technologii &#8211; kszta\u0142tuj\u0105c cyfrow\u0105 przysz\u0142o\u015b\u0107. Zajmuj\u0119 si\u0119 <strong>j\u0119zykoznawstwem komputerowym<\/strong>, kt\u00f3re \u0142\u0105czy informatyk\u0119 i humanistyk\u0119. Pracowa\u0142em zar\u00f3wno jako naukowiec, autor publikacji naukowych, wyk\u0142adowca akademicki, specjalista w start-upie czy lider techniczny. Obecnie <strong>zarz\u0105dzam zespo\u0142em<\/strong> kilkudziesi\u0119ciu ludzi r\u00f3\u017cnych dziedzin, z kt\u00f3rymi wsp\u00f3lnie tworzymy asystenta g\u0142osowego, umo\u017cliwiaj\u0105cego &#8222;rozmow\u0119&#8221; z urz\u0105dzeniami w kilku r\u00f3\u017cnych j\u0119zykach. Z wsp\u00f3\u0142tworzonego przez nas programu korzysta kilkadziesi\u0105t milion\u00f3w os\u00f3b na ca\u0142ym \u015bwiecie.<\/p>\n\n\n\n<p>Dzi\u0119ki pracy w <strong>technologiach cyfrowych<\/strong> rozumiem jak ogromny wp\u0142yw maj\u0105 na nasze \u017cycie. Problemy dezinformacji, mowy nienawi\u015bci, wzrastaj\u0105ce znaczenie medi\u00f3w spo\u0142eczno\u015bciowych, cyberbezpiecze\u0144stwa, prywatno\u015bci, post\u0119puj\u0105cej automatyzacji czy wykluczenia cyfrowego, to tylko niekt\u00f3re, z kt\u00f3rymi przysz\u0142o mi si\u0119 mierzy\u0107.<\/p>\n\n\n\n<div style=\"height:20px\" aria-hidden=\"true\" class=\"wp-block-spacer\"><\/div>\n\n\n\n<div style=\"height:20px\" aria-hidden=\"true\" class=\"wp-block-spacer\"><\/div>\n<\/div>\n\n\n\n<div class=\"wp-block-column is-vertically-aligned-center is-layout-flow wp-block-column-is-layout-flow\" style=\"flex-basis:50%\">\n<figure class=\"wp-block-image size-full is-style-rounded\"><img decoding=\"async\" width=\"863\" height=\"710\" src=\"https:\/\/marcinwalas.pl\/wp-content\/uploads\/2023\/11\/data-sceince-2023-04.jpg\" alt=\"\" class=\"wp-image-497\" srcset=\"https:\/\/marcinwalas.pl\/wp-content\/uploads\/2023\/11\/data-sceince-2023-04.jpg 863w, https:\/\/marcinwalas.pl\/wp-content\/uploads\/2023\/11\/data-sceince-2023-04-300x247.jpg 300w, https:\/\/marcinwalas.pl\/wp-content\/uploads\/2023\/11\/data-sceince-2023-04-768x632.jpg 768w\" sizes=\"(max-width: 863px) 100vw, 863px\" \/><\/figure>\n<\/div>\n<\/div>\n\n\n\n<div style=\"height:40px\" aria-hidden=\"true\" class=\"wp-block-spacer\"><\/div>\n<\/div><\/div>\n<\/div><\/div>\n\n\n\n<div class=\"wp-block-cover alignfull\" style=\"min-height:600px;aspect-ratio:unset;\"><span aria-hidden=\"true\" class=\"wp-block-cover__background has-nv-light-bg-background-color has-background-dim-100 has-background-dim\"><\/span><div class=\"wp-block-cover__inner-container is-layout-flow wp-block-cover-is-layout-flow\">\n<div class=\"wp-block-group\"><div class=\"wp-block-group__inner-container is-layout-flow wp-block-group-is-layout-flow\">\n<div style=\"height:80px\" aria-hidden=\"true\" class=\"wp-block-spacer\"><\/div>\n\n\n\n<div class=\"wp-block-columns are-vertically-aligned-center has-neve-text-color-color has-text-color is-layout-flex wp-container-core-columns-is-layout-9d6595d7 wp-block-columns-is-layout-flex\">\n<div class=\"wp-block-column is-vertically-aligned-center is-layout-flow wp-block-column-is-layout-flow\" style=\"flex-basis:50%\">\n<figure class=\"wp-block-image size-large is-style-rounded\"><img decoding=\"async\" width=\"1024\" height=\"768\" src=\"https:\/\/marcinwalas.pl\/wp-content\/uploads\/2023\/11\/20230819_140132-1024x768.jpg\" alt=\"\" class=\"wp-image-498\" srcset=\"https:\/\/marcinwalas.pl\/wp-content\/uploads\/2023\/11\/20230819_140132-1024x768.jpg 1024w, https:\/\/marcinwalas.pl\/wp-content\/uploads\/2023\/11\/20230819_140132-300x225.jpg 300w, https:\/\/marcinwalas.pl\/wp-content\/uploads\/2023\/11\/20230819_140132-768x576.jpg 768w, https:\/\/marcinwalas.pl\/wp-content\/uploads\/2023\/11\/20230819_140132-1536x1152.jpg 1536w, https:\/\/marcinwalas.pl\/wp-content\/uploads\/2023\/11\/20230819_140132-2048x1536.jpg 2048w\" sizes=\"(max-width: 1024px) 100vw, 1024px\" \/><\/figure>\n<\/div>\n\n\n\n<div class=\"wp-block-column is-vertically-aligned-center is-layout-flow wp-block-column-is-layout-flow\" style=\"flex-basis:50%\">\n<h2 class=\"wp-block-heading has-neve-text-color-color has-text-color\">Pasje<\/h2>\n\n\n\n<p class=\"has-neve-text-color-color has-text-color\">&#8222;<em>Czytanie ksi\u0105\u017cek to najpi\u0119kniejsza zabawa, jak\u0105 sobie ludzko\u015b\u0107 wymy\u015bli\u0142a<\/em>&#8221; (Wis\u0142awa Szymborska)<\/p>\n\n\n\n<p class=\"has-neve-text-color-color has-text-color\">S\u0105 dwie rzeczy, kt\u00f3re przychodz\u0105 mi do g\u0142owy, kiedy my\u015bl\u0119 o swoich pasjach. S\u0105 to <strong>ksi\u0105\u017cki i g\u00f3ry<\/strong>.<\/p>\n\n\n\n<p>Czytanie, to m\u00f3j nawyk. Zawsze w plecaku trzymam jedn\u0105, dwie lektury (na wszelki wypadek), a ostatnio tak\u017ce czytnik ebook\u00f3w. Wybieram przede wszystkim <strong>literatur\u0119 pi\u0119kn\u0105, teksty filozoficzne lub spo\u0142eczne<\/strong>. Do moich ulubionych autor\u00f3w nale\u017c\u0105: Samuel Beckett, James Joyce, Jose Saramago, Witold Gombrowicz, Micha\u0142 Heller oraz Marcin Napi\u00f3rkowski. <\/p>\n\n\n\n<p>Od dziecka uwielbia\u0142em wyjazdy w g\u00f3ry i nieko\u0144cz\u0105ce si\u0119 piesze wycieczki po lesie. S\u0105 dwa miejsca, kt\u00f3re kocham szczeg\u00f3lnie: <strong>Gorce i G\u00f3ry Sto\u0142owe<\/strong>. Szczeg\u00f3lnie ich mniej ucz\u0119szczane rejony, gdzie mo\u017cna ci\u0105gle poczu\u0107 prawdziwe pi\u0119kno dzikiej przyrody.<\/p>\n<\/div>\n<\/div>\n\n\n\n<div style=\"height:40px\" aria-hidden=\"true\" class=\"wp-block-spacer\"><\/div>\n<\/div><\/div>\n<\/div><\/div>\n\n\n\n<div class=\"wp-block-cover alignfull\" style=\"min-height:420px;aspect-ratio:unset;\"><span aria-hidden=\"true\" class=\"wp-block-cover__background has-nv-site-bg-background-color has-background-dim-100 has-background-dim\"><\/span><div class=\"wp-block-cover__inner-container is-layout-flow wp-block-cover-is-layout-flow\">\n<div style=\"height:80px\" aria-hidden=\"true\" class=\"wp-block-spacer\"><\/div>\n\n\n\n<div class=\"wp-block-columns is-layout-flex wp-container-core-columns-is-layout-9d6595d7 wp-block-columns-is-layout-flex\">\n<div class=\"wp-block-column ticss-4ce656f1 is-layout-flow wp-block-column-is-layout-flow\"><div class=\"wp-block-image icon-style is-style-rounded\">\n<figure class=\"aligncenter size-large\"><img decoding=\"async\" width=\"72\" height=\"72\" src=\"http:\/\/marcinwalas.pl\/wp-content\/uploads\/2020\/01\/neve-webdesign-GB-03.png\" alt=\"\" class=\"wp-image-20\"\/><\/figure>\n<\/div>\n\n\n<div style=\"height:24px\" aria-hidden=\"true\" class=\"wp-block-spacer\"><\/div>\n\n\n\n<h3 class=\"wp-block-heading has-text-align-center has-neve-text-color-color has-text-color\">Rodzina<\/h3>\n\n\n\n<p class=\"has-text-align-center has-neve-text-color-color has-text-color\" style=\"font-size:15px\">Jestem dumnym ojcem dwulatka i m\u0119\u017cem wspania\u0142ej nauczycielki.<\/p>\n\n\n\n<div style=\"height:20px\" aria-hidden=\"true\" class=\"wp-block-spacer\"><\/div>\n<\/div>\n\n\n\n<div class=\"wp-block-column ticss-f6fc7494 is-layout-flow wp-block-column-is-layout-flow\"><div class=\"wp-block-image icon-style is-style-rounded\">\n<figure class=\"aligncenter size-large\"><img decoding=\"async\" width=\"72\" height=\"72\" src=\"http:\/\/marcinwalas.pl\/wp-content\/uploads\/2020\/01\/neve-webdesign-GB-03.png\" alt=\"\" class=\"wp-image-20\"\/><\/figure>\n<\/div>\n\n\n<div style=\"height:24px\" aria-hidden=\"true\" class=\"wp-block-spacer\"><\/div>\n\n\n\n<h3 class=\"wp-block-heading has-text-align-center has-neve-text-color-color has-text-color\">Praca<\/h3>\n\n\n\n<p class=\"has-text-align-center has-neve-text-color-color has-text-color\" style=\"font-size:15px\">Zajmuj\u0119 si\u0119 nowymi technologiami tworz\u0105c rozwi\u0105zania, kt\u00f3re kszta\u0142tuj\u0105 nasz\u0105 cyfrow\u0105 przysz\u0142o\u015b\u0107.<\/p>\n\n\n\n<div style=\"height:20px\" aria-hidden=\"true\" class=\"wp-block-spacer\"><\/div>\n<\/div>\n\n\n\n<div class=\"wp-block-column ticss-a5b4df29 is-layout-flow wp-block-column-is-layout-flow\"><div class=\"wp-block-image icon-style is-style-rounded\">\n<figure class=\"aligncenter size-large\"><img decoding=\"async\" width=\"72\" height=\"72\" src=\"http:\/\/marcinwalas.pl\/wp-content\/uploads\/2020\/01\/neve-webdesign-GB-03.png\" alt=\"\" class=\"wp-image-20\"\/><\/figure>\n<\/div>\n\n\n<div style=\"height:24px\" aria-hidden=\"true\" class=\"wp-block-spacer\"><\/div>\n\n\n\n<h3 class=\"wp-block-heading has-text-align-center has-neve-text-color-color has-text-color\">Pasje<\/h3>\n\n\n\n<p class=\"has-text-align-center has-neve-text-color-color has-text-color\" style=\"font-size:15px\">Uwielbiam czyta\u0107 i chodzi\u0107 po g\u00f3rach. Mo\u017cna by rzec uosabiam powiedzenie: co\u015b dla cia\u0142a i co\u015b dla ducha.<\/p>\n\n\n\n<div style=\"height:20px\" aria-hidden=\"true\" class=\"wp-block-spacer\"><\/div>\n<\/div>\n<\/div>\n\n\n\n<div style=\"height:30px\" aria-hidden=\"true\" class=\"wp-block-spacer\"><\/div>\n<\/div><\/div>\n\n\n\n<div class=\"wp-block-cover alignfull\" style=\"min-height:195px;aspect-ratio:unset;\"><span aria-hidden=\"true\" class=\"wp-block-cover__background has-nv-light-bg-background-color has-background-dim-100 has-background-dim\"><\/span><div class=\"wp-block-cover__inner-container is-layout-flow wp-block-cover-is-layout-flow\">\n<div class=\"wp-block-group\"><div class=\"wp-block-group__inner-container is-layout-flow wp-block-group-is-layout-flow\">\n<div style=\"height:14px\" aria-hidden=\"true\" class=\"wp-block-spacer\"><\/div>\n\n\n\n<p>Wiesz ju\u017c kim jestem, dlatego chcia\u0142bym si\u0119 podzieli\u0107 aktywno\u015bciami spo\u0142ecznymi, w kt\u00f3re anga\u017cowa\u0142em si\u0119 w ostatnim czasie&#8230;<\/p>\n\n\n\n<div class=\"wp-block-buttons is-horizontal is-content-justification-left is-layout-flex wp-container-core-buttons-is-layout-7e5fce0a wp-block-buttons-is-layout-flex\">\n<div class=\"wp-block-button is-style-primary\"><a class=\"wp-block-button__link wp-element-button\" href=\"https:\/\/marcinwalas.pl\/index.php\/aktywizm\/\">WI\u0118CEJ<\/a><\/div>\n<\/div>\n\n\n\n<div style=\"height:14px\" aria-hidden=\"true\" class=\"wp-block-spacer\"><\/div>\n<\/div><\/div>\n<\/div><\/div>\n","protected":false},"excerpt":{"rendered":"","protected":false},"author":1,"featured_media":0,"parent":0,"menu_order":0,"comment_status":"closed","ping_status":"closed","template":"","meta":{"neve_meta_sidebar":"default","neve_meta_container":"default","neve_meta_enable_content_width":"on","neve_meta_content_width":100,"neve_meta_title_alignment":"","neve_meta_author_avatar":"","neve_post_elements_order":"","neve_meta_disable_header":"","neve_meta_disable_footer":"","neve_meta_disable_title":"on","_themeisle_gutenberg_block_has_review":false,"_ti_tpc_template_sync":false,"_ti_tpc_template_id":"eex7gnweb2m8vo93cr1g","footnotes":""},"class_list":["post-61","page","type-page","status-publish","hentry"],"_links":{"self":[{"href":"https:\/\/marcinwalas.pl\/index.php\/wp-json\/wp\/v2\/pages\/61","targetHints":{"allow":["GET"]}}],"collection":[{"href":"https:\/\/marcinwalas.pl\/index.php\/wp-json\/wp\/v2\/pages"}],"about":[{"href":"https:\/\/marcinwalas.pl\/index.php\/wp-json\/wp\/v2\/types\/page"}],"author":[{"embeddable":true,"href":"https:\/\/marcinwalas.pl\/index.php\/wp-json\/wp\/v2\/users\/1"}],"replies":[{"embeddable":true,"href":"https:\/\/marcinwalas.pl\/index.php\/wp-json\/wp\/v2\/comments?post=61"}],"version-history":[{"count":17,"href":"https:\/\/marcinwalas.pl\/index.php\/wp-json\/wp\/v2\/pages\/61\/revisions"}],"predecessor-version":[{"id":555,"href":"https:\/\/marcinwalas.pl\/index.php\/wp-json\/wp\/v2\/pages\/61\/revisions\/555"}],"wp:attachment":[{"href":"https:\/\/marcinwalas.pl\/index.php\/wp-json\/wp\/v2\/media?parent=61"}],"curies":[{"name":"wp","href":"https:\/\/api.w.org\/{rel}","templated":true}]}}